{"id":1001,"date":"2026-03-20T17:55:51","date_gmt":"2026-03-20T16:55:51","guid":{"rendered":"https:\/\/jancarek.drevomaja.cz\/?page_id=1001"},"modified":"2026-04-15T15:02:30","modified_gmt":"2026-04-15T13:02:30","slug":"moji-studenti","status":"publish","type":"page","link":"https:\/\/jancarek.drevomaja.cz\/?page_id=1001","title":{"rendered":"U\u010d\u00edm studenty oboru MMP na Slezsk\u00e9 univerzit\u011b v Opav\u011b"},"content":{"rendered":"\n<p>MMP &#8211; Multim\u00e9dia a popularizace. <\/p>\n\n\n\n<p>Na\u0161\u00ed identitou je nejen originalita, vynal\u00e9zavost a ambice, ale tak\u00e9 hled\u00e1n\u00ed podstaty probl\u00e9m\u016f kolem n\u00e1s. Neust\u00e1le propojujeme kreativitu a analytick\u00e9 kritick\u00e9 my\u0161len\u00ed. Sledujeme sv\u011bt z odli\u0161n\u00e9ho \u00fahlu pohledu. Jsme nekonven\u010dn\u00ed jedinci, kte\u0159\u00ed nezapadaj\u00edc\u00ed do p\u0159edem dan\u00fdch \u0161katulek. Spole\u010dn\u011b v\u0161ak nach\u00e1z\u00edme sv\u016fj vlastn\u00ed sm\u011br. <strong>Film, v\u011bdu a um\u011bn\u00ed.<\/strong><\/p>\n\n\n\n<p>Studium stoj\u00ed na rovnov\u00e1ze mezi filmov\u00fdm \u0159emeslem a schopnost\u00ed kriticky uva\u017eovat o obsahu a p\u0159ev\u00e9st i slo\u017eit\u00e1 t\u00e9mata do srozumiteln\u00e9 formy. <strong>Pohybujeme se na pomez\u00ed v\u011bdy a um\u011bn\u00ed.<\/strong><\/p>\n\n\n\n<h2 class=\"wp-block-heading\">CO D\u011aL\u00c1ME<\/h2>\n\n\n\n<p><strong>U\u010d\u00edme se film.<\/strong><br>Tvo\u0159\u00edme.&nbsp;<br>P\u0159em\u00fd\u0161l\u00edme.<br>Zkoum\u00e1me sv\u011bt.<br>Vyu\u017e\u00edv\u00e1me netradi\u010dn\u00ed m\u00e9dia.<\/p>\n\n\n\n<p>Studijn\u00ed program Multim\u00e9dia a popularizace je m\u00edstem\u00a0pro tvo\u0159iv\u00e9 lidi v\u00a0oblasti multimedi\u00e1ln\u00ed tvorby se z\u00e1jmem o dokumentaristiku a popularizaci v\u011bdy. Krom\u011b tchto ji\u017e tradi\u010dn\u00edch forem se ale zam\u011b\u0159ujeme i na imerzivn\u00ed tvorbu, jakou je nap\u0159\u00edklad jako je\u00a0sf\u00e9rick\u00e1 projekce nebo virtu\u00e1ln\u00ed realita. C\u00edlem je aby na\u0161i studenti dok\u00e1zali\u00a0<strong>prosadit v re\u00e1ln\u00e9 praxi<\/strong>\u00a0a ve sv\u00e9 budouc\u00ed profesi.<\/p>\n\n\n\n<p>Podrobn\u011bji:<\/p>\n\n\n\n<p><a href=\"https:\/\/www.mmtech.cz\">https:\/\/www.mmtech.cz<\/a><\/p>\n\n\n\n<p><\/p>\n","protected":false},"excerpt":{"rendered":"<p>MMP &#8211; Multim\u00e9dia a popularizace. Na\u0161\u00ed identitou je nejen originalita, vynal\u00e9zavost a ambice, ale tak\u00e9 hled\u00e1n\u00ed podstaty probl\u00e9m\u016f kolem n\u00e1s. Neust\u00e1le propojujeme kreativitu a analytick\u00e9 kritick\u00e9 my\u0161len\u00ed. Sledujeme sv\u011bt z odli\u0161n\u00e9ho \u00fahlu pohledu. Jsme nekonven\u010dn\u00ed jedinci, kte\u0159\u00ed nezapadaj\u00edc\u00ed do p\u0159edem dan\u00fdch \u0161katulek. Spole\u010dn\u011b v\u0161ak nach\u00e1z\u00edme sv\u016fj vlastn\u00ed sm\u011br. Film, v\u011bdu a um\u011bn\u00ed. Studium stoj\u00ed na [&hellip;]<\/p>\n","protected":false},"author":1,"featured_media":0,"parent":0,"menu_order":0,"comment_status":"closed","ping_status":"closed","template":"","meta":{"footnotes":""},"class_list":["post-1001","page","type-page","status-publish","hentry"],"yoast_head":"<!-- This site is optimized with the Yoast SEO plugin v26.9 - https:\/\/yoast.com\/product\/yoast-seo-wordpress\/ -->\n<title>U\u010d\u00edm studenty oboru MMP na Slezsk\u00e9 univerzit\u011b v Opav\u011b - Petr Jan\u010d\u00e1rek<\/title>\n<meta name=\"robots\" content=\"noindex, follow, max-snippet:-1, max-image-preview:large, max-video-preview:-1\" \/>\n<meta property=\"og:locale\" content=\"cs_CZ\" \/>\n<meta property=\"og:type\" content=\"article\" \/>\n<meta property=\"og:title\" content=\"U\u010d\u00edm studenty oboru MMP na Slezsk\u00e9 univerzit\u011b v Opav\u011b - Petr Jan\u010d\u00e1rek\" \/>\n<meta property=\"og:description\" content=\"MMP &#8211; Multim\u00e9dia a popularizace. Na\u0161\u00ed identitou je nejen originalita, vynal\u00e9zavost a ambice, ale tak\u00e9 hled\u00e1n\u00ed podstaty probl\u00e9m\u016f kolem n\u00e1s. Neust\u00e1le propojujeme kreativitu a analytick\u00e9 kritick\u00e9 my\u0161len\u00ed. Sledujeme sv\u011bt z odli\u0161n\u00e9ho \u00fahlu pohledu. Jsme nekonven\u010dn\u00ed jedinci, kte\u0159\u00ed nezapadaj\u00edc\u00ed do p\u0159edem dan\u00fdch \u0161katulek. Spole\u010dn\u011b v\u0161ak nach\u00e1z\u00edme sv\u016fj vlastn\u00ed sm\u011br. Film, v\u011bdu a um\u011bn\u00ed. Studium stoj\u00ed na [&hellip;]\" \/>\n<meta property=\"og:url\" content=\"https:\/\/jancarek.drevomaja.cz\/?page_id=1001\" \/>\n<meta property=\"og:site_name\" content=\"Petr Jan\u010d\u00e1rek\" \/>\n<meta property=\"article:modified_time\" content=\"2026-04-15T13:02:30+00:00\" \/>\n<meta name=\"twitter:card\" content=\"summary_large_image\" \/>\n<meta name=\"twitter:label1\" content=\"Odhadovan\u00e1 doba \u010dten\u00ed\" \/>\n\t<meta name=\"twitter:data1\" content=\"1 minuta\" \/>\n<script type=\"application\/ld+json\" class=\"yoast-schema-graph\">{\"@context\":\"https:\/\/schema.org\",\"@graph\":[{\"@type\":\"WebPage\",\"@id\":\"https:\/\/jancarek.drevomaja.cz\/?page_id=1001\",\"url\":\"https:\/\/jancarek.drevomaja.cz\/?page_id=1001\",\"name\":\"U\u010d\u00edm studenty oboru MMP na Slezsk\u00e9 univerzit\u011b v Opav\u011b - Petr Jan\u010d\u00e1rek\",\"isPartOf\":{\"@id\":\"https:\/\/jancarek.drevomaja.cz\/#website\"},\"datePublished\":\"2026-03-20T16:55:51+00:00\",\"dateModified\":\"2026-04-15T13:02:30+00:00\",\"breadcrumb\":{\"@id\":\"https:\/\/jancarek.drevomaja.cz\/?page_id=1001#breadcrumb\"},\"inLanguage\":\"cs\",\"potentialAction\":[{\"@type\":\"ReadAction\",\"target\":[\"https:\/\/jancarek.drevomaja.cz\/?page_id=1001\"]}]},{\"@type\":\"BreadcrumbList\",\"@id\":\"https:\/\/jancarek.drevomaja.cz\/?page_id=1001#breadcrumb\",\"itemListElement\":[{\"@type\":\"ListItem\",\"position\":1,\"name\":\"Dom\u016f\",\"item\":\"https:\/\/jancarek.drevomaja.cz\/\"},{\"@type\":\"ListItem\",\"position\":2,\"name\":\"U\u010d\u00edm studenty oboru MMP na Slezsk\u00e9 univerzit\u011b v Opav\u011b\"}]},{\"@type\":\"WebSite\",\"@id\":\"https:\/\/jancarek.drevomaja.cz\/#website\",\"url\":\"https:\/\/jancarek.drevomaja.cz\/\",\"name\":\"Petr Jan\u010d\u00e1rek\",\"description\":\"\",\"potentialAction\":[{\"@type\":\"SearchAction\",\"target\":{\"@type\":\"EntryPoint\",\"urlTemplate\":\"https:\/\/jancarek.drevomaja.cz\/?s={search_term_string}\"},\"query-input\":{\"@type\":\"PropertyValueSpecification\",\"valueRequired\":true,\"valueName\":\"search_term_string\"}}],\"inLanguage\":\"cs\"}]}<\/script>\n<!-- \/ Yoast SEO plugin. -->","yoast_head_json":{"title":"U\u010d\u00edm studenty oboru MMP na Slezsk\u00e9 univerzit\u011b v Opav\u011b - Petr Jan\u010d\u00e1rek","robots":{"index":"noindex","follow":"follow","max-snippet":"max-snippet:-1","max-image-preview":"max-image-preview:large","max-video-preview":"max-video-preview:-1"},"og_locale":"cs_CZ","og_type":"article","og_title":"U\u010d\u00edm studenty oboru MMP na Slezsk\u00e9 univerzit\u011b v Opav\u011b - Petr Jan\u010d\u00e1rek","og_description":"MMP &#8211; Multim\u00e9dia a popularizace. Na\u0161\u00ed identitou je nejen originalita, vynal\u00e9zavost a ambice, ale tak\u00e9 hled\u00e1n\u00ed podstaty probl\u00e9m\u016f kolem n\u00e1s. Neust\u00e1le propojujeme kreativitu a analytick\u00e9 kritick\u00e9 my\u0161len\u00ed. Sledujeme sv\u011bt z odli\u0161n\u00e9ho \u00fahlu pohledu. Jsme nekonven\u010dn\u00ed jedinci, kte\u0159\u00ed nezapadaj\u00edc\u00ed do p\u0159edem dan\u00fdch \u0161katulek. Spole\u010dn\u011b v\u0161ak nach\u00e1z\u00edme sv\u016fj vlastn\u00ed sm\u011br. Film, v\u011bdu a um\u011bn\u00ed. Studium stoj\u00ed na [&hellip;]","og_url":"https:\/\/jancarek.drevomaja.cz\/?page_id=1001","og_site_name":"Petr Jan\u010d\u00e1rek","article_modified_time":"2026-04-15T13:02:30+00:00","twitter_card":"summary_large_image","twitter_misc":{"Odhadovan\u00e1 doba \u010dten\u00ed":"1 minuta"},"schema":{"@context":"https:\/\/schema.org","@graph":[{"@type":"WebPage","@id":"https:\/\/jancarek.drevomaja.cz\/?page_id=1001","url":"https:\/\/jancarek.drevomaja.cz\/?page_id=1001","name":"U\u010d\u00edm studenty oboru MMP na Slezsk\u00e9 univerzit\u011b v Opav\u011b - Petr Jan\u010d\u00e1rek","isPartOf":{"@id":"https:\/\/jancarek.drevomaja.cz\/#website"},"datePublished":"2026-03-20T16:55:51+00:00","dateModified":"2026-04-15T13:02:30+00:00","breadcrumb":{"@id":"https:\/\/jancarek.drevomaja.cz\/?page_id=1001#breadcrumb"},"inLanguage":"cs","potentialAction":[{"@type":"ReadAction","target":["https:\/\/jancarek.drevomaja.cz\/?page_id=1001"]}]},{"@type":"BreadcrumbList","@id":"https:\/\/jancarek.drevomaja.cz\/?page_id=1001#breadcrumb","itemListElement":[{"@type":"ListItem","position":1,"name":"Dom\u016f","item":"https:\/\/jancarek.drevomaja.cz\/"},{"@type":"ListItem","position":2,"name":"U\u010d\u00edm studenty oboru MMP na Slezsk\u00e9 univerzit\u011b v Opav\u011b"}]},{"@type":"WebSite","@id":"https:\/\/jancarek.drevomaja.cz\/#website","url":"https:\/\/jancarek.drevomaja.cz\/","name":"Petr Jan\u010d\u00e1rek","description":"","potentialAction":[{"@type":"SearchAction","target":{"@type":"EntryPoint","urlTemplate":"https:\/\/jancarek.drevomaja.cz\/?s={search_term_string}"},"query-input":{"@type":"PropertyValueSpecification","valueRequired":true,"valueName":"search_term_string"}}],"inLanguage":"cs"}]}},"_links":{"self":[{"href":"https:\/\/jancarek.drevomaja.cz\/index.php?rest_route=\/wp\/v2\/pages\/1001","targetHints":{"allow":["GET"]}}],"collection":[{"href":"https:\/\/jancarek.drevomaja.cz\/index.php?rest_route=\/wp\/v2\/pages"}],"about":[{"href":"https:\/\/jancarek.drevomaja.cz\/index.php?rest_route=\/wp\/v2\/types\/page"}],"author":[{"embeddable":true,"href":"https:\/\/jancarek.drevomaja.cz\/index.php?rest_route=\/wp\/v2\/users\/1"}],"replies":[{"embeddable":true,"href":"https:\/\/jancarek.drevomaja.cz\/index.php?rest_route=%2Fwp%2Fv2%2Fcomments&post=1001"}],"version-history":[{"count":1,"href":"https:\/\/jancarek.drevomaja.cz\/index.php?rest_route=\/wp\/v2\/pages\/1001\/revisions"}],"predecessor-version":[{"id":2281,"href":"https:\/\/jancarek.drevomaja.cz\/index.php?rest_route=\/wp\/v2\/pages\/1001\/revisions\/2281"}],"wp:attachment":[{"href":"https:\/\/jancarek.drevomaja.cz\/index.php?rest_route=%2Fwp%2Fv2%2Fmedia&parent=1001"}],"curies":[{"name":"wp","href":"https:\/\/api.w.org\/{rel}","templated":true}]}}