{"id":1002,"date":"2026-03-20T17:57:00","date_gmt":"2026-03-20T16:57:00","guid":{"rendered":"https:\/\/jancarek.drevomaja.cz\/?page_id=1002"},"modified":"2026-04-15T15:09:11","modified_gmt":"2026-04-15T13:09:11","slug":"citaty","status":"publish","type":"page","link":"https:\/\/jancarek.drevomaja.cz\/?page_id=1002","title":{"rendered":"CIT\u00c1TY"},"content":{"rendered":"\n<div class=\"wp-block-group alignfull wp-block-section wp-block-clients-testimonial is-layout-constrained wp-block-group-is-layout-constrained\">\n<div class=\"wp-block-group alignwide is-layout-flow wp-block-group-is-layout-flow\">\n<div class=\"wp-block-group wp-block-group-content-container is-layout-constrained wp-block-group-is-layout-constrained\">\n<div class=\"wp-block-columns alignwide is-layout-flex wp-container-core-columns-is-layout-14cf5ab5 wp-block-columns-is-layout-flex\">\n<div class=\"wp-block-column is-layout-flow wp-block-column-is-layout-flow\">\n<div class=\"wp-block-group wp-block-group-content is-layout-constrained wp-container-core-group-is-layout-dea98822 wp-block-group-is-layout-constrained\" style=\"padding-top:63px\">\n<p class=\"has-text-align-center has-foreground-color has-text-color has-link-color wp-elements-b3143d00730f3f4bda48b9eab847d334\" style=\"font-style:normal;font-weight:700\"><em><br>Rad\u011bji pracuj, ne\u017e pla\u010d\u2026<\/em><\/p>\n\n\n\n<hr class=\"wp-block-separator has-text-color has-primary-color has-alpha-channel-opacity has-primary-background-color has-background is-style-default\"\/>\n\n\n\n<div class=\"wp-block-group is-layout-constrained wp-container-core-group-is-layout-bdcbbb17 wp-block-group-is-layout-constrained\">\n<div class=\"wp-block-group is-layout-constrained wp-container-core-group-is-layout-88d1a47c wp-block-group-is-layout-constrained\">\n<h2 class=\"wp-block-heading has-text-align-center has-foreground-color has-text-color has-open-sans-font-family has-upper-heading-font-size\" style=\"line-height:1.75;text-transform:capitalize\">AUTOR<\/h2>\n<\/div>\n<\/div>\n<\/div>\n<\/div>\n<\/div>\n<\/div>\n<\/div>\n<\/div>\n\n\n\n<p>                             <em>\u201eNejsou-li va\u0161e fotografie dobr\u00e9, nebyli jste dost bl\u00edzko!\u201c<\/em><strong><em>\u00a0<\/em><\/strong><\/p>\n\n\n\n<p>                                                                  <strong>Robert Capa<\/strong><\/p>\n\n\n\n<p><\/p>\n","protected":false},"excerpt":{"rendered":"<p>Rad\u011bji pracuj, ne\u017e pla\u010d\u2026 AUTOR \u201eNejsou-li va\u0161e fotografie dobr\u00e9, nebyli jste dost bl\u00edzko!\u201c\u00a0 Robert Capa<\/p>\n","protected":false},"author":1,"featured_media":0,"parent":0,"menu_order":0,"comment_status":"closed","ping_status":"closed","template":"","meta":{"footnotes":""},"class_list":["post-1002","page","type-page","status-publish","hentry"],"yoast_head":"<!-- This site is optimized with the Yoast SEO plugin v26.9 - https:\/\/yoast.com\/product\/yoast-seo-wordpress\/ -->\n<title>CIT\u00c1TY - Petr Jan\u010d\u00e1rek<\/title>\n<meta name=\"robots\" content=\"noindex, follow, max-snippet:-1, max-image-preview:large, max-video-preview:-1\" \/>\n<meta property=\"og:locale\" content=\"cs_CZ\" \/>\n<meta property=\"og:type\" content=\"article\" \/>\n<meta property=\"og:title\" content=\"CIT\u00c1TY - Petr Jan\u010d\u00e1rek\" \/>\n<meta property=\"og:description\" content=\"Rad\u011bji pracuj, ne\u017e pla\u010d\u2026 AUTOR \u201eNejsou-li va\u0161e fotografie dobr\u00e9, nebyli jste dost bl\u00edzko!\u201c\u00a0 Robert Capa\" \/>\n<meta property=\"og:url\" content=\"https:\/\/jancarek.drevomaja.cz\/?page_id=1002\" \/>\n<meta property=\"og:site_name\" content=\"Petr Jan\u010d\u00e1rek\" \/>\n<meta property=\"article:modified_time\" content=\"2026-04-15T13:09:11+00:00\" \/>\n<meta name=\"twitter:card\" content=\"summary_large_image\" \/>\n<meta name=\"twitter:label1\" content=\"Odhadovan\u00e1 doba \u010dten\u00ed\" \/>\n\t<meta name=\"twitter:data1\" content=\"1 minuta\" \/>\n<script type=\"application\/ld+json\" class=\"yoast-schema-graph\">{\"@context\":\"https:\/\/schema.org\",\"@graph\":[{\"@type\":\"WebPage\",\"@id\":\"https:\/\/jancarek.drevomaja.cz\/?page_id=1002\",\"url\":\"https:\/\/jancarek.drevomaja.cz\/?page_id=1002\",\"name\":\"CIT\u00c1TY - Petr Jan\u010d\u00e1rek\",\"isPartOf\":{\"@id\":\"https:\/\/jancarek.drevomaja.cz\/#website\"},\"datePublished\":\"2026-03-20T16:57:00+00:00\",\"dateModified\":\"2026-04-15T13:09:11+00:00\",\"breadcrumb\":{\"@id\":\"https:\/\/jancarek.drevomaja.cz\/?page_id=1002#breadcrumb\"},\"inLanguage\":\"cs\",\"potentialAction\":[{\"@type\":\"ReadAction\",\"target\":[\"https:\/\/jancarek.drevomaja.cz\/?page_id=1002\"]}]},{\"@type\":\"BreadcrumbList\",\"@id\":\"https:\/\/jancarek.drevomaja.cz\/?page_id=1002#breadcrumb\",\"itemListElement\":[{\"@type\":\"ListItem\",\"position\":1,\"name\":\"Dom\u016f\",\"item\":\"https:\/\/jancarek.drevomaja.cz\/\"},{\"@type\":\"ListItem\",\"position\":2,\"name\":\"CIT\u00c1TY\"}]},{\"@type\":\"WebSite\",\"@id\":\"https:\/\/jancarek.drevomaja.cz\/#website\",\"url\":\"https:\/\/jancarek.drevomaja.cz\/\",\"name\":\"Petr Jan\u010d\u00e1rek\",\"description\":\"\",\"potentialAction\":[{\"@type\":\"SearchAction\",\"target\":{\"@type\":\"EntryPoint\",\"urlTemplate\":\"https:\/\/jancarek.drevomaja.cz\/?s={search_term_string}\"},\"query-input\":{\"@type\":\"PropertyValueSpecification\",\"valueRequired\":true,\"valueName\":\"search_term_string\"}}],\"inLanguage\":\"cs\"}]}<\/script>\n<!-- \/ Yoast SEO plugin. -->","yoast_head_json":{"title":"CIT\u00c1TY - Petr Jan\u010d\u00e1rek","robots":{"index":"noindex","follow":"follow","max-snippet":"max-snippet:-1","max-image-preview":"max-image-preview:large","max-video-preview":"max-video-preview:-1"},"og_locale":"cs_CZ","og_type":"article","og_title":"CIT\u00c1TY - Petr Jan\u010d\u00e1rek","og_description":"Rad\u011bji pracuj, ne\u017e pla\u010d\u2026 AUTOR \u201eNejsou-li va\u0161e fotografie dobr\u00e9, nebyli jste dost bl\u00edzko!\u201c\u00a0 Robert Capa","og_url":"https:\/\/jancarek.drevomaja.cz\/?page_id=1002","og_site_name":"Petr Jan\u010d\u00e1rek","article_modified_time":"2026-04-15T13:09:11+00:00","twitter_card":"summary_large_image","twitter_misc":{"Odhadovan\u00e1 doba \u010dten\u00ed":"1 minuta"},"schema":{"@context":"https:\/\/schema.org","@graph":[{"@type":"WebPage","@id":"https:\/\/jancarek.drevomaja.cz\/?page_id=1002","url":"https:\/\/jancarek.drevomaja.cz\/?page_id=1002","name":"CIT\u00c1TY - Petr Jan\u010d\u00e1rek","isPartOf":{"@id":"https:\/\/jancarek.drevomaja.cz\/#website"},"datePublished":"2026-03-20T16:57:00+00:00","dateModified":"2026-04-15T13:09:11+00:00","breadcrumb":{"@id":"https:\/\/jancarek.drevomaja.cz\/?page_id=1002#breadcrumb"},"inLanguage":"cs","potentialAction":[{"@type":"ReadAction","target":["https:\/\/jancarek.drevomaja.cz\/?page_id=1002"]}]},{"@type":"BreadcrumbList","@id":"https:\/\/jancarek.drevomaja.cz\/?page_id=1002#breadcrumb","itemListElement":[{"@type":"ListItem","position":1,"name":"Dom\u016f","item":"https:\/\/jancarek.drevomaja.cz\/"},{"@type":"ListItem","position":2,"name":"CIT\u00c1TY"}]},{"@type":"WebSite","@id":"https:\/\/jancarek.drevomaja.cz\/#website","url":"https:\/\/jancarek.drevomaja.cz\/","name":"Petr Jan\u010d\u00e1rek","description":"","potentialAction":[{"@type":"SearchAction","target":{"@type":"EntryPoint","urlTemplate":"https:\/\/jancarek.drevomaja.cz\/?s={search_term_string}"},"query-input":{"@type":"PropertyValueSpecification","valueRequired":true,"valueName":"search_term_string"}}],"inLanguage":"cs"}]}},"_links":{"self":[{"href":"https:\/\/jancarek.drevomaja.cz\/index.php?rest_route=\/wp\/v2\/pages\/1002","targetHints":{"allow":["GET"]}}],"collection":[{"href":"https:\/\/jancarek.drevomaja.cz\/index.php?rest_route=\/wp\/v2\/pages"}],"about":[{"href":"https:\/\/jancarek.drevomaja.cz\/index.php?rest_route=\/wp\/v2\/types\/page"}],"author":[{"embeddable":true,"href":"https:\/\/jancarek.drevomaja.cz\/index.php?rest_route=\/wp\/v2\/users\/1"}],"replies":[{"embeddable":true,"href":"https:\/\/jancarek.drevomaja.cz\/index.php?rest_route=%2Fwp%2Fv2%2Fcomments&post=1002"}],"version-history":[{"count":2,"href":"https:\/\/jancarek.drevomaja.cz\/index.php?rest_route=\/wp\/v2\/pages\/1002\/revisions"}],"predecessor-version":[{"id":2285,"href":"https:\/\/jancarek.drevomaja.cz\/index.php?rest_route=\/wp\/v2\/pages\/1002\/revisions\/2285"}],"wp:attachment":[{"href":"https:\/\/jancarek.drevomaja.cz\/index.php?rest_route=%2Fwp%2Fv2%2Fmedia&parent=1002"}],"curies":[{"name":"wp","href":"https:\/\/api.w.org\/{rel}","templated":true}]}}