{"id":1388,"date":"2026-03-22T19:09:39","date_gmt":"2026-03-22T18:09:39","guid":{"rendered":"https:\/\/jancarek.drevomaja.cz\/?page_id=1388"},"modified":"2026-03-22T19:09:39","modified_gmt":"2026-03-22T18:09:39","slug":"svata-rus","status":"publish","type":"page","link":"https:\/\/jancarek.drevomaja.cz\/?page_id=1388","title":{"rendered":"SVAT\u00c1 RUS"},"content":{"rendered":"","protected":false},"excerpt":{"rendered":"","protected":false},"author":1,"featured_media":0,"parent":0,"menu_order":0,"comment_status":"closed","ping_status":"closed","template":"","meta":{"footnotes":""},"class_list":["post-1388","page","type-page","status-publish","hentry"],"yoast_head":"<!-- This site is optimized with the Yoast SEO plugin v26.9 - https:\/\/yoast.com\/product\/yoast-seo-wordpress\/ -->\n<title>SVAT\u00c1 RUS - Petr Jan\u010d\u00e1rek<\/title>\n<meta name=\"robots\" content=\"noindex, follow, max-snippet:-1, max-image-preview:large, max-video-preview:-1\" \/>\n<meta property=\"og:locale\" content=\"cs_CZ\" \/>\n<meta property=\"og:type\" content=\"article\" \/>\n<meta property=\"og:title\" content=\"SVAT\u00c1 RUS - Petr Jan\u010d\u00e1rek\" \/>\n<meta property=\"og:url\" content=\"https:\/\/jancarek.drevomaja.cz\/?page_id=1388\" \/>\n<meta property=\"og:site_name\" content=\"Petr Jan\u010d\u00e1rek\" \/>\n<meta name=\"twitter:card\" content=\"summary_large_image\" \/>\n<script type=\"application\/ld+json\" class=\"yoast-schema-graph\">{\"@context\":\"https:\/\/schema.org\",\"@graph\":[{\"@type\":\"WebPage\",\"@id\":\"https:\/\/jancarek.drevomaja.cz\/?page_id=1388\",\"url\":\"https:\/\/jancarek.drevomaja.cz\/?page_id=1388\",\"name\":\"SVAT\u00c1 RUS - Petr Jan\u010d\u00e1rek\",\"isPartOf\":{\"@id\":\"https:\/\/jancarek.drevomaja.cz\/#website\"},\"datePublished\":\"2026-03-22T18:09:39+00:00\",\"breadcrumb\":{\"@id\":\"https:\/\/jancarek.drevomaja.cz\/?page_id=1388#breadcrumb\"},\"inLanguage\":\"cs\",\"potentialAction\":[{\"@type\":\"ReadAction\",\"target\":[\"https:\/\/jancarek.drevomaja.cz\/?page_id=1388\"]}]},{\"@type\":\"BreadcrumbList\",\"@id\":\"https:\/\/jancarek.drevomaja.cz\/?page_id=1388#breadcrumb\",\"itemListElement\":[{\"@type\":\"ListItem\",\"position\":1,\"name\":\"Dom\u016f\",\"item\":\"https:\/\/jancarek.drevomaja.cz\/\"},{\"@type\":\"ListItem\",\"position\":2,\"name\":\"SVAT\u00c1 RUS\"}]},{\"@type\":\"WebSite\",\"@id\":\"https:\/\/jancarek.drevomaja.cz\/#website\",\"url\":\"https:\/\/jancarek.drevomaja.cz\/\",\"name\":\"Petr Jan\u010d\u00e1rek\",\"description\":\"\",\"potentialAction\":[{\"@type\":\"SearchAction\",\"target\":{\"@type\":\"EntryPoint\",\"urlTemplate\":\"https:\/\/jancarek.drevomaja.cz\/?s={search_term_string}\"},\"query-input\":{\"@type\":\"PropertyValueSpecification\",\"valueRequired\":true,\"valueName\":\"search_term_string\"}}],\"inLanguage\":\"cs\"}]}<\/script>\n<!-- \/ Yoast SEO plugin. -->","yoast_head_json":{"title":"SVAT\u00c1 RUS - Petr Jan\u010d\u00e1rek","robots":{"index":"noindex","follow":"follow","max-snippet":"max-snippet:-1","max-image-preview":"max-image-preview:large","max-video-preview":"max-video-preview:-1"},"og_locale":"cs_CZ","og_type":"article","og_title":"SVAT\u00c1 RUS - Petr Jan\u010d\u00e1rek","og_url":"https:\/\/jancarek.drevomaja.cz\/?page_id=1388","og_site_name":"Petr Jan\u010d\u00e1rek","twitter_card":"summary_large_image","schema":{"@context":"https:\/\/schema.org","@graph":[{"@type":"WebPage","@id":"https:\/\/jancarek.drevomaja.cz\/?page_id=1388","url":"https:\/\/jancarek.drevomaja.cz\/?page_id=1388","name":"SVAT\u00c1 RUS - Petr Jan\u010d\u00e1rek","isPartOf":{"@id":"https:\/\/jancarek.drevomaja.cz\/#website"},"datePublished":"2026-03-22T18:09:39+00:00","breadcrumb":{"@id":"https:\/\/jancarek.drevomaja.cz\/?page_id=1388#breadcrumb"},"inLanguage":"cs","potentialAction":[{"@type":"ReadAction","target":["https:\/\/jancarek.drevomaja.cz\/?page_id=1388"]}]},{"@type":"BreadcrumbList","@id":"https:\/\/jancarek.drevomaja.cz\/?page_id=1388#breadcrumb","itemListElement":[{"@type":"ListItem","position":1,"name":"Dom\u016f","item":"https:\/\/jancarek.drevomaja.cz\/"},{"@type":"ListItem","position":2,"name":"SVAT\u00c1 RUS"}]},{"@type":"WebSite","@id":"https:\/\/jancarek.drevomaja.cz\/#website","url":"https:\/\/jancarek.drevomaja.cz\/","name":"Petr Jan\u010d\u00e1rek","description":"","potentialAction":[{"@type":"SearchAction","target":{"@type":"EntryPoint","urlTemplate":"https:\/\/jancarek.drevomaja.cz\/?s={search_term_string}"},"query-input":{"@type":"PropertyValueSpecification","valueRequired":true,"valueName":"search_term_string"}}],"inLanguage":"cs"}]}},"_links":{"self":[{"href":"https:\/\/jancarek.drevomaja.cz\/index.php?rest_route=\/wp\/v2\/pages\/1388","targetHints":{"allow":["GET"]}}],"collection":[{"href":"https:\/\/jancarek.drevomaja.cz\/index.php?rest_route=\/wp\/v2\/pages"}],"about":[{"href":"https:\/\/jancarek.drevomaja.cz\/index.php?rest_route=\/wp\/v2\/types\/page"}],"author":[{"embeddable":true,"href":"https:\/\/jancarek.drevomaja.cz\/index.php?rest_route=\/wp\/v2\/users\/1"}],"replies":[{"embeddable":true,"href":"https:\/\/jancarek.drevomaja.cz\/index.php?rest_route=%2Fwp%2Fv2%2Fcomments&post=1388"}],"version-history":[{"count":0,"href":"https:\/\/jancarek.drevomaja.cz\/index.php?rest_route=\/wp\/v2\/pages\/1388\/revisions"}],"wp:attachment":[{"href":"https:\/\/jancarek.drevomaja.cz\/index.php?rest_route=%2Fwp%2Fv2%2Fmedia&parent=1388"}],"curies":[{"name":"wp","href":"https:\/\/api.w.org\/{rel}","templated":true}]}}