{"id":1415,"date":"2026-03-30T12:21:27","date_gmt":"2026-03-30T10:21:27","guid":{"rendered":"https:\/\/jancarek.drevomaja.cz\/?page_id=1415"},"modified":"2026-04-12T18:30:33","modified_gmt":"2026-04-12T16:30:33","slug":"work-in-progress-2","status":"publish","type":"page","link":"https:\/\/jancarek.drevomaja.cz\/?page_id=1415","title":{"rendered":"WORK IN PROGRESS"},"content":{"rendered":"\n<div class=\"wp-block-query is-layout-flow wp-block-query-is-layout-flow\"><ul class=\"columns-3 wp-block-post-template is-layout-grid wp-container-core-post-template-is-layout-6d3fbd8f wp-block-post-template-is-layout-grid\"><li class=\"wp-block-post post-2140 post type-post status-publish format-standard has-post-thumbnail hentry category-nezarazene category-work-in-progress\">\n\n<div class=\"wp-block-group is-layout-flow wp-block-group-is-layout-flow\" style=\"padding-top:30px;padding-right:30px;padding-bottom:30px;padding-left:30px\"><a href=\"https:\/\/jancarek.drevomaja.cz\/?p=2140\"><img decoding=\"async\" src=\"https:\/\/jancarek.drevomaja.cz\/wp-content\/uploads\/2026\/04\/1x1-O-MNE-Work-in-progress-Znate-Simona-768x768.jpg\" alt=\"Zn\u00e1te \u0160imona ?  dokument\u00e1rn\u00ed portr\u00e9t, vys\u00edl\u00e1n\u00ed v  \u010cesk\u00e9 televizi,  podzim 2027\" loading=\"lazy\" style=\"max-width:100%\" \/><\/a>\n\n<h2 class=\"wp-block-post-title\"><a href=\"https:\/\/jancarek.drevomaja.cz\/?p=2140\" target=\"_self\" >Zn\u00e1te \u0160imona ?  dokument\u00e1rn\u00ed portr\u00e9t, vys\u00edl\u00e1n\u00ed v  \u010cesk\u00e9 televizi,  podzim 2027<\/a><\/h2>\n\n<div class=\"wp-block-post-excerpt\"><p class=\"wp-block-post-excerpt__excerpt\"> <\/p><\/div>\n\n<div class=\"wp-block-post-date flex\"><svg class=\"icon icon-calendar\" aria-hidden=\"true\" role=\"img\"> <use href=\"#icon-calendar\" xlink:href=\"#icon-calendar\"><\/use> <\/svg><time datetime=\"2026-04-10T17:35:00+02:00\">10. 4. 2026<\/time><\/div><\/div>\n\n<\/li><li class=\"wp-block-post post-2121 post type-post status-publish format-standard has-post-thumbnail hentry category-work-in-progress\">\n\n<div class=\"wp-block-group is-layout-flow wp-block-group-is-layout-flow\" style=\"padding-top:30px;padding-right:30px;padding-bottom:30px;padding-left:30px\"><a href=\"https:\/\/jancarek.drevomaja.cz\/?p=2121\"><img decoding=\"async\" src=\"https:\/\/jancarek.drevomaja.cz\/wp-content\/uploads\/2026\/04\/1x1-Muller_bez_textu_DSC_1244-768x768.jpg\" alt=\"Richard M\u00fcller \u2013 celove\u010dern\u00ed dokument, vlastn\u00ed produkce\" loading=\"lazy\" style=\"max-width:100%\" \/><\/a>\n\n<h2 class=\"wp-block-post-title\"><a href=\"https:\/\/jancarek.drevomaja.cz\/?p=2121\" target=\"_self\" >Richard M\u00fcller \u2013 celove\u010dern\u00ed dokument, vlastn\u00ed produkce<\/a><\/h2>\n\n<div class=\"wp-block-post-excerpt\"><p class=\"wp-block-post-excerpt__excerpt\"> <\/p><\/div>\n\n<div class=\"wp-block-post-date flex\"><svg class=\"icon icon-calendar\" aria-hidden=\"true\" role=\"img\"> <use href=\"#icon-calendar\" xlink:href=\"#icon-calendar\"><\/use> <\/svg><time datetime=\"2026-04-10T16:51:03+02:00\">10. 4. 2026<\/time><\/div><\/div>\n\n<\/li><\/ul><\/div>\n","protected":false},"excerpt":{"rendered":"","protected":false},"author":1,"featured_media":2119,"parent":100,"menu_order":0,"comment_status":"closed","ping_status":"closed","template":"","meta":{"footnotes":""},"class_list":["post-1415","page","type-page","status-publish","has-post-thumbnail","hentry"],"yoast_head":"<!-- This site is optimized with the Yoast SEO plugin v26.9 - https:\/\/yoast.com\/product\/yoast-seo-wordpress\/ -->\n<title>WORK IN PROGRESS - Petr Jan\u010d\u00e1rek<\/title>\n<meta name=\"robots\" content=\"noindex, follow, max-snippet:-1, max-image-preview:large, max-video-preview:-1\" \/>\n<meta property=\"og:locale\" content=\"cs_CZ\" \/>\n<meta property=\"og:type\" content=\"article\" \/>\n<meta property=\"og:title\" content=\"WORK IN PROGRESS - Petr Jan\u010d\u00e1rek\" \/>\n<meta property=\"og:url\" content=\"https:\/\/jancarek.drevomaja.cz\/?page_id=1415\" \/>\n<meta property=\"og:site_name\" content=\"Petr Jan\u010d\u00e1rek\" \/>\n<meta property=\"article:modified_time\" content=\"2026-04-12T16:30:33+00:00\" \/>\n<meta property=\"og:image\" content=\"https:\/\/jancarek.drevomaja.cz\/wp-content\/uploads\/2026\/04\/1x1-Muller_DSC_1244.jpg\" \/>\n\t<meta property=\"og:image:width\" content=\"1976\" \/>\n\t<meta property=\"og:image:height\" content=\"1976\" \/>\n\t<meta property=\"og:image:type\" content=\"image\/jpeg\" \/>\n<meta name=\"twitter:card\" content=\"summary_large_image\" \/>\n<meta name=\"twitter:label1\" content=\"Odhadovan\u00e1 doba \u010dten\u00ed\" \/>\n\t<meta name=\"twitter:data1\" content=\"1 minuta\" \/>\n<script type=\"application\/ld+json\" class=\"yoast-schema-graph\">{\"@context\":\"https:\/\/schema.org\",\"@graph\":[{\"@type\":\"WebPage\",\"@id\":\"https:\/\/jancarek.drevomaja.cz\/?page_id=1415\",\"url\":\"https:\/\/jancarek.drevomaja.cz\/?page_id=1415\",\"name\":\"WORK IN PROGRESS - Petr Jan\u010d\u00e1rek\",\"isPartOf\":{\"@id\":\"https:\/\/jancarek.drevomaja.cz\/#website\"},\"primaryImageOfPage\":{\"@id\":\"https:\/\/jancarek.drevomaja.cz\/?page_id=1415#primaryimage\"},\"image\":{\"@id\":\"https:\/\/jancarek.drevomaja.cz\/?page_id=1415#primaryimage\"},\"thumbnailUrl\":\"https:\/\/jancarek.drevomaja.cz\/wp-content\/uploads\/2026\/04\/1x1-Muller_DSC_1244.jpg\",\"datePublished\":\"2026-03-30T10:21:27+00:00\",\"dateModified\":\"2026-04-12T16:30:33+00:00\",\"breadcrumb\":{\"@id\":\"https:\/\/jancarek.drevomaja.cz\/?page_id=1415#breadcrumb\"},\"inLanguage\":\"cs\",\"potentialAction\":[{\"@type\":\"ReadAction\",\"target\":[\"https:\/\/jancarek.drevomaja.cz\/?page_id=1415\"]}]},{\"@type\":\"ImageObject\",\"inLanguage\":\"cs\",\"@id\":\"https:\/\/jancarek.drevomaja.cz\/?page_id=1415#primaryimage\",\"url\":\"https:\/\/jancarek.drevomaja.cz\/wp-content\/uploads\/2026\/04\/1x1-Muller_DSC_1244.jpg\",\"contentUrl\":\"https:\/\/jancarek.drevomaja.cz\/wp-content\/uploads\/2026\/04\/1x1-Muller_DSC_1244.jpg\",\"width\":1976,\"height\":1976,\"caption\":\"1X1 Muller Dsc 1244\"},{\"@type\":\"BreadcrumbList\",\"@id\":\"https:\/\/jancarek.drevomaja.cz\/?page_id=1415#breadcrumb\",\"itemListElement\":[{\"@type\":\"ListItem\",\"position\":1,\"name\":\"Dom\u016f\",\"item\":\"https:\/\/jancarek.drevomaja.cz\/\"},{\"@type\":\"ListItem\",\"position\":2,\"name\":\"O MN\u011a\",\"item\":\"https:\/\/jancarek.drevomaja.cz\/?page_id=100\"},{\"@type\":\"ListItem\",\"position\":3,\"name\":\"WORK IN PROGRESS\"}]},{\"@type\":\"WebSite\",\"@id\":\"https:\/\/jancarek.drevomaja.cz\/#website\",\"url\":\"https:\/\/jancarek.drevomaja.cz\/\",\"name\":\"Petr Jan\u010d\u00e1rek\",\"description\":\"\",\"potentialAction\":[{\"@type\":\"SearchAction\",\"target\":{\"@type\":\"EntryPoint\",\"urlTemplate\":\"https:\/\/jancarek.drevomaja.cz\/?s={search_term_string}\"},\"query-input\":{\"@type\":\"PropertyValueSpecification\",\"valueRequired\":true,\"valueName\":\"search_term_string\"}}],\"inLanguage\":\"cs\"}]}<\/script>\n<!-- \/ Yoast SEO plugin. -->","yoast_head_json":{"title":"WORK IN PROGRESS - Petr Jan\u010d\u00e1rek","robots":{"index":"noindex","follow":"follow","max-snippet":"max-snippet:-1","max-image-preview":"max-image-preview:large","max-video-preview":"max-video-preview:-1"},"og_locale":"cs_CZ","og_type":"article","og_title":"WORK IN PROGRESS - Petr Jan\u010d\u00e1rek","og_url":"https:\/\/jancarek.drevomaja.cz\/?page_id=1415","og_site_name":"Petr Jan\u010d\u00e1rek","article_modified_time":"2026-04-12T16:30:33+00:00","og_image":[{"width":1976,"height":1976,"url":"https:\/\/jancarek.drevomaja.cz\/wp-content\/uploads\/2026\/04\/1x1-Muller_DSC_1244.jpg","type":"image\/jpeg"}],"twitter_card":"summary_large_image","twitter_misc":{"Odhadovan\u00e1 doba \u010dten\u00ed":"1 minuta"},"schema":{"@context":"https:\/\/schema.org","@graph":[{"@type":"WebPage","@id":"https:\/\/jancarek.drevomaja.cz\/?page_id=1415","url":"https:\/\/jancarek.drevomaja.cz\/?page_id=1415","name":"WORK IN PROGRESS - Petr Jan\u010d\u00e1rek","isPartOf":{"@id":"https:\/\/jancarek.drevomaja.cz\/#website"},"primaryImageOfPage":{"@id":"https:\/\/jancarek.drevomaja.cz\/?page_id=1415#primaryimage"},"image":{"@id":"https:\/\/jancarek.drevomaja.cz\/?page_id=1415#primaryimage"},"thumbnailUrl":"https:\/\/jancarek.drevomaja.cz\/wp-content\/uploads\/2026\/04\/1x1-Muller_DSC_1244.jpg","datePublished":"2026-03-30T10:21:27+00:00","dateModified":"2026-04-12T16:30:33+00:00","breadcrumb":{"@id":"https:\/\/jancarek.drevomaja.cz\/?page_id=1415#breadcrumb"},"inLanguage":"cs","potentialAction":[{"@type":"ReadAction","target":["https:\/\/jancarek.drevomaja.cz\/?page_id=1415"]}]},{"@type":"ImageObject","inLanguage":"cs","@id":"https:\/\/jancarek.drevomaja.cz\/?page_id=1415#primaryimage","url":"https:\/\/jancarek.drevomaja.cz\/wp-content\/uploads\/2026\/04\/1x1-Muller_DSC_1244.jpg","contentUrl":"https:\/\/jancarek.drevomaja.cz\/wp-content\/uploads\/2026\/04\/1x1-Muller_DSC_1244.jpg","width":1976,"height":1976,"caption":"1X1 Muller Dsc 1244"},{"@type":"BreadcrumbList","@id":"https:\/\/jancarek.drevomaja.cz\/?page_id=1415#breadcrumb","itemListElement":[{"@type":"ListItem","position":1,"name":"Dom\u016f","item":"https:\/\/jancarek.drevomaja.cz\/"},{"@type":"ListItem","position":2,"name":"O MN\u011a","item":"https:\/\/jancarek.drevomaja.cz\/?page_id=100"},{"@type":"ListItem","position":3,"name":"WORK IN PROGRESS"}]},{"@type":"WebSite","@id":"https:\/\/jancarek.drevomaja.cz\/#website","url":"https:\/\/jancarek.drevomaja.cz\/","name":"Petr Jan\u010d\u00e1rek","description":"","potentialAction":[{"@type":"SearchAction","target":{"@type":"EntryPoint","urlTemplate":"https:\/\/jancarek.drevomaja.cz\/?s={search_term_string}"},"query-input":{"@type":"PropertyValueSpecification","valueRequired":true,"valueName":"search_term_string"}}],"inLanguage":"cs"}]}},"_links":{"self":[{"href":"https:\/\/jancarek.drevomaja.cz\/index.php?rest_route=\/wp\/v2\/pages\/1415","targetHints":{"allow":["GET"]}}],"collection":[{"href":"https:\/\/jancarek.drevomaja.cz\/index.php?rest_route=\/wp\/v2\/pages"}],"about":[{"href":"https:\/\/jancarek.drevomaja.cz\/index.php?rest_route=\/wp\/v2\/types\/page"}],"author":[{"embeddable":true,"href":"https:\/\/jancarek.drevomaja.cz\/index.php?rest_route=\/wp\/v2\/users\/1"}],"replies":[{"embeddable":true,"href":"https:\/\/jancarek.drevomaja.cz\/index.php?rest_route=%2Fwp%2Fv2%2Fcomments&post=1415"}],"version-history":[{"count":2,"href":"https:\/\/jancarek.drevomaja.cz\/index.php?rest_route=\/wp\/v2\/pages\/1415\/revisions"}],"predecessor-version":[{"id":2124,"href":"https:\/\/jancarek.drevomaja.cz\/index.php?rest_route=\/wp\/v2\/pages\/1415\/revisions\/2124"}],"up":[{"embeddable":true,"href":"https:\/\/jancarek.drevomaja.cz\/index.php?rest_route=\/wp\/v2\/pages\/100"}],"wp:featuredmedia":[{"embeddable":true,"href":"https:\/\/jancarek.drevomaja.cz\/index.php?rest_route=\/wp\/v2\/media\/2119"}],"wp:attachment":[{"href":"https:\/\/jancarek.drevomaja.cz\/index.php?rest_route=%2Fwp%2Fv2%2Fmedia&parent=1415"}],"curies":[{"name":"wp","href":"https:\/\/api.w.org\/{rel}","templated":true}]}}