{"id":2250,"date":"2026-04-12T18:16:26","date_gmt":"2026-04-12T16:16:26","guid":{"rendered":"https:\/\/jancarek.drevomaja.cz\/?page_id=2250"},"modified":"2026-04-17T12:07:36","modified_gmt":"2026-04-17T10:07:36","slug":"cv","status":"publish","type":"page","link":"https:\/\/jancarek.drevomaja.cz\/?page_id=2250","title":{"rendered":"P\u00e1r podrobnost\u00ed"},"content":{"rendered":"<h2 class=\"wp-block-post-title\">P\u00e1r podrobnost\u00ed<\/h2>\n\n\n<p>Ano, zab\u00fdv\u00e1m se hlavn\u011b dokument\u00e1rn\u00ed tvorbou a portr\u00e9tem, u\u010d\u00edm na Slezsk\u00e9 univerzit\u011b v Opav\u011b. P\u0159i pr\u00e1ci vych\u00e1z\u00edm z pot\u0159eby vyznat se ve sv\u011bt\u011b a z vrozen\u00e9 zv\u011bdavosti. M\u00e1m rad\u011bji fakta, ne\u017e dojmy, zaj\u00edm\u00e1 mne ale hlub\u0161\u00ed skute\u010dnost, ulo\u017een\u00e1 v\u00a0m\u00edstech, v\u00a0\u010dase a hlavn\u011b v lidech. Ti mne zaj\u00edmaj\u00ed, proto je fotografuji a proto o nich to\u010d\u00edm filmy. Sv\u00e9 studenty u\u010d\u00edm, \u017ee o\u010di jsou podstatn\u011bj\u0161\u00ed, ne\u017e zna\u010dka kamery.\u00a0\u00a0<\/p>\n\n\n\n<p>Narodil jsem se v\u00a0Most\u011b, do patn\u00e1cti let jsem \u017eil v Severn\u00edch \u010cech\u00e1ch, v prost\u0159ed\u00ed chemie, uhl\u00ed a panelov\u00fdch s\u00eddli\u0161\u0165. Komunist\u00e9 mi nedovolili studovat, vyu\u010dil jsem se panel\u00e1\u0159em a d\u00edky tomu zcela nepl\u00e1novan\u011b poznal, co je to stavba, fabrika, d\u00edlna, p\u00edcha\u010dky a st\u0159\u00edd\u00e1n\u00ed sm\u011bn. Snad se ta zku\u0161enost propisuje i do m\u00fdch film\u016f a fotografi\u00ed.<\/p>\n\n\n\n<p>D\u00edky pomoci p\u0159\u00edbuzn\u00fdch a zn\u00e1m\u00fdch jsem se po maturit\u011b dostal na \u010cVUT a po mnoha peripeti\u00edch tam absolvoval obor Vodn\u00ed stavby a vodn\u00ed hospod\u00e1\u0159stv\u00ed. Na fakult\u011b jsem nab\u00eddl, \u017ee mohu m\u00edsto psan\u00fdch semin\u00e1rn\u00edch prac\u00ed to\u010dit v\u00fdukov\u00e9 programy a na filmech o bagrech a p\u0159ehrad\u00e1ch se od koleg\u016f profesion\u00e1l\u016f u\u010dil \u0159emeslo. Po zm\u011bn\u011b re\u017eimu museli zprofanovan\u00ed komunisti\u010dt\u00ed novin\u00e1\u0159i opustit m\u00e9dia a j\u00e1 jsem, p\u0159es kr\u00e1tkou odbo\u010dku d\u00e1lkov\u00e9ho studia dokumentu na FAMU, dostal nab\u00eddku pr\u00e1ce v \u010ceskoslovensk\u00e9 televizi. \u00a0<\/p>\n\n\n\n<p>Potkal jsem se s&nbsp;lidmi z&nbsp;report\u00e9rsk\u00e9ho t\u00fdmu Epicentrum, jejich\u017e kr\u00e9dem bylo, \u017ee v&nbsp;novina\u0159in\u011b nesta\u010d\u00ed jen informovat, ale \u017ee je t\u0159eba tak\u00e9 lidem pom\u00e1hat. Nato\u010dil jsem o nich dokument, p\u0159irozen\u011b s&nbsp;nimi z\u016fstal v&nbsp;kontaktu a mohl tak b\u00fdt u zrodu o.p.s. \u010clov\u011bk v&nbsp;t\u00edsni. Dal\u0161\u00edm z\u00e1sadn\u00edm momentem pro m\u011b bylo setk\u00e1n\u00ed s&nbsp;V\u00e1clavem Havlem a mo\u017enost s&nbsp;n\u00edm a pro n\u011bj pracovat.<\/p>\n\n\n\n<p>P\u0159e\u0161el jsem na volnou nohu, to\u010dil, fotil, jezdil po sv\u011bt\u011b, za\u010dal p\u0159edn\u00e1\u0161et. P\u0159ed lety jsem se to sna\u017eil shrnout nap\u0159\u00edklad v&nbsp;<a href=\"https:\/\/www.ceskatelevize.cz\/porady\/1096002521-krasny-ztraty\/213562250500004\/\">Kr\u00e1sn\u00fdch ztr\u00e1t\u00e1ch<\/a>&nbsp;a stejn\u00fdm sm\u011brem se sna\u017e\u00edm pokra\u010dovat i dnes. Ale st\u00e1le \u010dast\u011bji te\u010f beru do rukou sp\u00ed\u0161 fotoapar\u00e1t, ne\u017e kameru.<\/p>\n","protected":false},"excerpt":{"rendered":"<p>Ano, zab\u00fdv\u00e1m se hlavn\u011b dokument\u00e1rn\u00ed tvorbou a portr\u00e9tem, u\u010d\u00edm na Slezsk\u00e9 univerzit\u011b v Opav\u011b. P\u0159i pr\u00e1ci vych\u00e1z\u00edm z pot\u0159eby vyznat se ve sv\u011bt\u011b a z vrozen\u00e9 zv\u011bdavosti. M\u00e1m rad\u011bji fakta, ne\u017e dojmy, zaj\u00edm\u00e1 mne ale hlub\u0161\u00ed skute\u010dnost, ulo\u017een\u00e1 v\u00a0m\u00edstech, v\u00a0\u010dase a hlavn\u011b v lidech. Ti mne zaj\u00edmaj\u00ed, proto je fotografuji a proto o nich to\u010d\u00edm [&hellip;]<\/p>\n","protected":false},"author":1,"featured_media":2324,"parent":100,"menu_order":0,"comment_status":"closed","ping_status":"closed","template":"","meta":{"footnotes":""},"class_list":["post-2250","page","type-page","status-publish","has-post-thumbnail","hentry"],"yoast_head":"<!-- This site is optimized with the Yoast SEO plugin v26.9 - https:\/\/yoast.com\/product\/yoast-seo-wordpress\/ -->\n<title>P\u00e1r podrobnost\u00ed - Petr Jan\u010d\u00e1rek<\/title>\n<meta name=\"robots\" content=\"noindex, follow, max-snippet:-1, max-image-preview:large, max-video-preview:-1\" \/>\n<meta property=\"og:locale\" content=\"cs_CZ\" \/>\n<meta property=\"og:type\" content=\"article\" \/>\n<meta property=\"og:title\" content=\"P\u00e1r podrobnost\u00ed - Petr Jan\u010d\u00e1rek\" \/>\n<meta property=\"og:description\" content=\"Ano, zab\u00fdv\u00e1m se hlavn\u011b dokument\u00e1rn\u00ed tvorbou a portr\u00e9tem, u\u010d\u00edm na Slezsk\u00e9 univerzit\u011b v Opav\u011b. P\u0159i pr\u00e1ci vych\u00e1z\u00edm z pot\u0159eby vyznat se ve sv\u011bt\u011b a z vrozen\u00e9 zv\u011bdavosti. M\u00e1m rad\u011bji fakta, ne\u017e dojmy, zaj\u00edm\u00e1 mne ale hlub\u0161\u00ed skute\u010dnost, ulo\u017een\u00e1 v\u00a0m\u00edstech, v\u00a0\u010dase a hlavn\u011b v lidech. Ti mne zaj\u00edmaj\u00ed, proto je fotografuji a proto o nich to\u010d\u00edm [&hellip;]\" \/>\n<meta property=\"og:url\" content=\"https:\/\/jancarek.drevomaja.cz\/?page_id=2250\" \/>\n<meta property=\"og:site_name\" content=\"Petr Jan\u010d\u00e1rek\" \/>\n<meta property=\"article:modified_time\" content=\"2026-04-17T10:07:36+00:00\" \/>\n<meta property=\"og:image\" content=\"https:\/\/jancarek.drevomaja.cz\/wp-content\/uploads\/2026\/04\/PJ_IMG_4006-scaled.jpg\" \/>\n\t<meta property=\"og:image:width\" content=\"2560\" \/>\n\t<meta property=\"og:image:height\" content=\"2560\" \/>\n\t<meta property=\"og:image:type\" content=\"image\/jpeg\" \/>\n<meta name=\"twitter:card\" content=\"summary_large_image\" \/>\n<meta name=\"twitter:label1\" content=\"Odhadovan\u00e1 doba \u010dten\u00ed\" \/>\n\t<meta name=\"twitter:data1\" content=\"2 minuty\" \/>\n<script type=\"application\/ld+json\" class=\"yoast-schema-graph\">{\"@context\":\"https:\/\/schema.org\",\"@graph\":[{\"@type\":\"WebPage\",\"@id\":\"https:\/\/jancarek.drevomaja.cz\/?page_id=2250\",\"url\":\"https:\/\/jancarek.drevomaja.cz\/?page_id=2250\",\"name\":\"P\u00e1r podrobnost\u00ed - Petr Jan\u010d\u00e1rek\",\"isPartOf\":{\"@id\":\"https:\/\/jancarek.drevomaja.cz\/#website\"},\"primaryImageOfPage\":{\"@id\":\"https:\/\/jancarek.drevomaja.cz\/?page_id=2250#primaryimage\"},\"image\":{\"@id\":\"https:\/\/jancarek.drevomaja.cz\/?page_id=2250#primaryimage\"},\"thumbnailUrl\":\"https:\/\/jancarek.drevomaja.cz\/wp-content\/uploads\/2026\/04\/PJ_IMG_4006-scaled.jpg\",\"datePublished\":\"2026-04-12T16:16:26+00:00\",\"dateModified\":\"2026-04-17T10:07:36+00:00\",\"breadcrumb\":{\"@id\":\"https:\/\/jancarek.drevomaja.cz\/?page_id=2250#breadcrumb\"},\"inLanguage\":\"cs\",\"potentialAction\":[{\"@type\":\"ReadAction\",\"target\":[\"https:\/\/jancarek.drevomaja.cz\/?page_id=2250\"]}]},{\"@type\":\"ImageObject\",\"inLanguage\":\"cs\",\"@id\":\"https:\/\/jancarek.drevomaja.cz\/?page_id=2250#primaryimage\",\"url\":\"https:\/\/jancarek.drevomaja.cz\/wp-content\/uploads\/2026\/04\/PJ_IMG_4006-scaled.jpg\",\"contentUrl\":\"https:\/\/jancarek.drevomaja.cz\/wp-content\/uploads\/2026\/04\/PJ_IMG_4006-scaled.jpg\",\"width\":2560,\"height\":2560,\"caption\":\"Pj Img 4006\"},{\"@type\":\"BreadcrumbList\",\"@id\":\"https:\/\/jancarek.drevomaja.cz\/?page_id=2250#breadcrumb\",\"itemListElement\":[{\"@type\":\"ListItem\",\"position\":1,\"name\":\"Dom\u016f\",\"item\":\"https:\/\/jancarek.drevomaja.cz\/\"},{\"@type\":\"ListItem\",\"position\":2,\"name\":\"O MN\u011a\",\"item\":\"https:\/\/jancarek.drevomaja.cz\/?page_id=100\"},{\"@type\":\"ListItem\",\"position\":3,\"name\":\"P\u00e1r podrobnost\u00ed\"}]},{\"@type\":\"WebSite\",\"@id\":\"https:\/\/jancarek.drevomaja.cz\/#website\",\"url\":\"https:\/\/jancarek.drevomaja.cz\/\",\"name\":\"Petr Jan\u010d\u00e1rek\",\"description\":\"\",\"potentialAction\":[{\"@type\":\"SearchAction\",\"target\":{\"@type\":\"EntryPoint\",\"urlTemplate\":\"https:\/\/jancarek.drevomaja.cz\/?s={search_term_string}\"},\"query-input\":{\"@type\":\"PropertyValueSpecification\",\"valueRequired\":true,\"valueName\":\"search_term_string\"}}],\"inLanguage\":\"cs\"}]}<\/script>\n<!-- \/ Yoast SEO plugin. -->","yoast_head_json":{"title":"P\u00e1r podrobnost\u00ed - Petr Jan\u010d\u00e1rek","robots":{"index":"noindex","follow":"follow","max-snippet":"max-snippet:-1","max-image-preview":"max-image-preview:large","max-video-preview":"max-video-preview:-1"},"og_locale":"cs_CZ","og_type":"article","og_title":"P\u00e1r podrobnost\u00ed - Petr Jan\u010d\u00e1rek","og_description":"Ano, zab\u00fdv\u00e1m se hlavn\u011b dokument\u00e1rn\u00ed tvorbou a portr\u00e9tem, u\u010d\u00edm na Slezsk\u00e9 univerzit\u011b v Opav\u011b. P\u0159i pr\u00e1ci vych\u00e1z\u00edm z pot\u0159eby vyznat se ve sv\u011bt\u011b a z vrozen\u00e9 zv\u011bdavosti. M\u00e1m rad\u011bji fakta, ne\u017e dojmy, zaj\u00edm\u00e1 mne ale hlub\u0161\u00ed skute\u010dnost, ulo\u017een\u00e1 v\u00a0m\u00edstech, v\u00a0\u010dase a hlavn\u011b v lidech. Ti mne zaj\u00edmaj\u00ed, proto je fotografuji a proto o nich to\u010d\u00edm [&hellip;]","og_url":"https:\/\/jancarek.drevomaja.cz\/?page_id=2250","og_site_name":"Petr Jan\u010d\u00e1rek","article_modified_time":"2026-04-17T10:07:36+00:00","og_image":[{"width":2560,"height":2560,"url":"https:\/\/jancarek.drevomaja.cz\/wp-content\/uploads\/2026\/04\/PJ_IMG_4006-scaled.jpg","type":"image\/jpeg"}],"twitter_card":"summary_large_image","twitter_misc":{"Odhadovan\u00e1 doba \u010dten\u00ed":"2 minuty"},"schema":{"@context":"https:\/\/schema.org","@graph":[{"@type":"WebPage","@id":"https:\/\/jancarek.drevomaja.cz\/?page_id=2250","url":"https:\/\/jancarek.drevomaja.cz\/?page_id=2250","name":"P\u00e1r podrobnost\u00ed - Petr Jan\u010d\u00e1rek","isPartOf":{"@id":"https:\/\/jancarek.drevomaja.cz\/#website"},"primaryImageOfPage":{"@id":"https:\/\/jancarek.drevomaja.cz\/?page_id=2250#primaryimage"},"image":{"@id":"https:\/\/jancarek.drevomaja.cz\/?page_id=2250#primaryimage"},"thumbnailUrl":"https:\/\/jancarek.drevomaja.cz\/wp-content\/uploads\/2026\/04\/PJ_IMG_4006-scaled.jpg","datePublished":"2026-04-12T16:16:26+00:00","dateModified":"2026-04-17T10:07:36+00:00","breadcrumb":{"@id":"https:\/\/jancarek.drevomaja.cz\/?page_id=2250#breadcrumb"},"inLanguage":"cs","potentialAction":[{"@type":"ReadAction","target":["https:\/\/jancarek.drevomaja.cz\/?page_id=2250"]}]},{"@type":"ImageObject","inLanguage":"cs","@id":"https:\/\/jancarek.drevomaja.cz\/?page_id=2250#primaryimage","url":"https:\/\/jancarek.drevomaja.cz\/wp-content\/uploads\/2026\/04\/PJ_IMG_4006-scaled.jpg","contentUrl":"https:\/\/jancarek.drevomaja.cz\/wp-content\/uploads\/2026\/04\/PJ_IMG_4006-scaled.jpg","width":2560,"height":2560,"caption":"Pj Img 4006"},{"@type":"BreadcrumbList","@id":"https:\/\/jancarek.drevomaja.cz\/?page_id=2250#breadcrumb","itemListElement":[{"@type":"ListItem","position":1,"name":"Dom\u016f","item":"https:\/\/jancarek.drevomaja.cz\/"},{"@type":"ListItem","position":2,"name":"O MN\u011a","item":"https:\/\/jancarek.drevomaja.cz\/?page_id=100"},{"@type":"ListItem","position":3,"name":"P\u00e1r podrobnost\u00ed"}]},{"@type":"WebSite","@id":"https:\/\/jancarek.drevomaja.cz\/#website","url":"https:\/\/jancarek.drevomaja.cz\/","name":"Petr Jan\u010d\u00e1rek","description":"","potentialAction":[{"@type":"SearchAction","target":{"@type":"EntryPoint","urlTemplate":"https:\/\/jancarek.drevomaja.cz\/?s={search_term_string}"},"query-input":{"@type":"PropertyValueSpecification","valueRequired":true,"valueName":"search_term_string"}}],"inLanguage":"cs"}]}},"_links":{"self":[{"href":"https:\/\/jancarek.drevomaja.cz\/index.php?rest_route=\/wp\/v2\/pages\/2250","targetHints":{"allow":["GET"]}}],"collection":[{"href":"https:\/\/jancarek.drevomaja.cz\/index.php?rest_route=\/wp\/v2\/pages"}],"about":[{"href":"https:\/\/jancarek.drevomaja.cz\/index.php?rest_route=\/wp\/v2\/types\/page"}],"author":[{"embeddable":true,"href":"https:\/\/jancarek.drevomaja.cz\/index.php?rest_route=\/wp\/v2\/users\/1"}],"replies":[{"embeddable":true,"href":"https:\/\/jancarek.drevomaja.cz\/index.php?rest_route=%2Fwp%2Fv2%2Fcomments&post=2250"}],"version-history":[{"count":3,"href":"https:\/\/jancarek.drevomaja.cz\/index.php?rest_route=\/wp\/v2\/pages\/2250\/revisions"}],"predecessor-version":[{"id":2276,"href":"https:\/\/jancarek.drevomaja.cz\/index.php?rest_route=\/wp\/v2\/pages\/2250\/revisions\/2276"}],"up":[{"embeddable":true,"href":"https:\/\/jancarek.drevomaja.cz\/index.php?rest_route=\/wp\/v2\/pages\/100"}],"wp:featuredmedia":[{"embeddable":true,"href":"https:\/\/jancarek.drevomaja.cz\/index.php?rest_route=\/wp\/v2\/media\/2324"}],"wp:attachment":[{"href":"https:\/\/jancarek.drevomaja.cz\/index.php?rest_route=%2Fwp%2Fv2%2Fmedia&parent=2250"}],"curies":[{"name":"wp","href":"https:\/\/api.w.org\/{rel}","templated":true}]}}