{"id":46,"date":"2026-02-02T20:22:50","date_gmt":"2026-02-02T19:22:50","guid":{"rendered":"https:\/\/jancarek.drevomaja.cz\/?page_id=46"},"modified":"2026-04-15T14:17:03","modified_gmt":"2026-04-15T12:17:03","slug":"portrety-dnes","status":"publish","type":"page","link":"https:\/\/jancarek.drevomaja.cz\/?page_id=46","title":{"rendered":"PORTR\u00c9TY"},"content":{"rendered":"\n<p>Pokud v rubrice &#8222;Lid\u00e9, osobnosti&#8220; neuv\u00e1d\u00edm u jednotliv\u00fdch fotografi\u00ed jm\u00e9no portr\u00e9tovan\u00e9 \u010di portr\u00e9tovan\u00e9ho, znamen\u00e1 to jen mou \u0161patnou pam\u011b\u0165 a nedokonal\u00e9 pozn\u00e1mky. Omlouv\u00e1m se a pros\u00edm o zpr\u00e1vu p\u0159es kontaktn\u00ed webov\u00fd formul\u00e1\u0159 &#8211; samoz\u0159ejm\u011b a r\u00e1d jm\u00e9no dopln\u00edm, p\u0159\u00edpadn\u011b za\u0161lu sn\u00edmek v tiskov\u00e9 kvalit\u011b. N\u011bkter\u00e9 z\u00a0portr\u00e9t\u016f jsou star\u0161\u00edho data a ur\u010dit\u011b by mohly b\u00fdt publikov\u00e1ny v\u00a0sekci &#8222;NALEZENO V\u00a0ARCHIVU&#8220;, ale proto\u017ee je m\u00e1m r\u00e1d a p\u0159ipadaj\u00ed mi poveden\u00e9, d\u00e1v\u00e1m je sem.<\/p>\n\n\n\n<div class=\"wp-block-query is-layout-flow wp-block-query-is-layout-flow\"><ul class=\"columns-3 wp-block-post-template is-layout-grid wp-container-core-post-template-is-layout-6d3fbd8f wp-block-post-template-is-layout-grid\"><li class=\"wp-block-post post-927 post type-post status-publish format-standard has-post-thumbnail hentry category-portrety category-portrety-dnes category-vyber\">\n\n<div class=\"wp-block-group is-layout-flow wp-block-group-is-layout-flow\" style=\"padding-top:30px;padding-right:30px;padding-bottom:30px;padding-left:30px\"><a href=\"https:\/\/jancarek.drevomaja.cz\/?p=927\"><img decoding=\"async\" src=\"https:\/\/jancarek.drevomaja.cz\/wp-content\/uploads\/2026\/03\/1x1-FOTOGRAFIE-PORTRETYa-DSC_6169-768x768.jpg\" alt=\"Lid\u00e9, osobnosti\" loading=\"lazy\" style=\"max-width:100%\" \/><\/a>\n\n<h2 class=\"wp-block-post-title\"><a href=\"https:\/\/jancarek.drevomaja.cz\/?p=927\" target=\"_self\" >Lid\u00e9, osobnosti<\/a><\/h2>\n\n<div class=\"wp-block-post-excerpt\"><p class=\"wp-block-post-excerpt__excerpt\"><\/p><p class=\"wp-block-post-excerpt__more-text\"><a class=\"wp-block-post-excerpt__more-link\" href=\"https:\/\/jancarek.drevomaja.cz\/?p=927\">V\u00edce<\/a><\/p><\/div><\/div>\n\n<\/li><li class=\"wp-block-post post-925 post type-post status-publish format-standard has-post-thumbnail hentry category-portrety category-portrety-dnes\">\n\n<div class=\"wp-block-group is-layout-flow wp-block-group-is-layout-flow\" style=\"padding-top:30px;padding-right:30px;padding-bottom:30px;padding-left:30px\"><a href=\"https:\/\/jancarek.drevomaja.cz\/?p=925\"><img decoding=\"async\" src=\"https:\/\/jancarek.drevomaja.cz\/wp-content\/uploads\/2026\/03\/1x1-Michael-Borek-instauje-svou-vystavu-768x768.jpg\" alt=\"S\u00e9rie &#8211; Michael Borek\" loading=\"lazy\" style=\"max-width:100%\" \/><\/a>\n\n<h2 class=\"wp-block-post-title\"><a href=\"https:\/\/jancarek.drevomaja.cz\/?p=925\" target=\"_self\" >S\u00e9rie &#8211; Michael Borek<\/a><\/h2>\n\n<div class=\"wp-block-post-excerpt\"><p class=\"wp-block-post-excerpt__excerpt\"><\/p><p class=\"wp-block-post-excerpt__more-text\"><a class=\"wp-block-post-excerpt__more-link\" href=\"https:\/\/jancarek.drevomaja.cz\/?p=925\">V\u00edce<\/a><\/p><\/div><\/div>\n\n<\/li><li class=\"wp-block-post post-910 post type-post status-publish format-standard has-post-thumbnail hentry category-portrety category-portrety-dnes\">\n\n<div class=\"wp-block-group is-layout-flow wp-block-group-is-layout-flow\" style=\"padding-top:30px;padding-right:30px;padding-bottom:30px;padding-left:30px\"><a href=\"https:\/\/jancarek.drevomaja.cz\/?p=910\"><img decoding=\"async\" src=\"https:\/\/jancarek.drevomaja.cz\/wp-content\/uploads\/2026\/03\/Forum-2000_DSC_3341-768x768.jpg\" alt=\"S\u00e9rie &#8211; xxxxxxx\" loading=\"lazy\" style=\"max-width:100%\" \/><\/a>\n\n<h2 class=\"wp-block-post-title\"><a href=\"https:\/\/jancarek.drevomaja.cz\/?p=910\" target=\"_self\" >S\u00e9rie &#8211; xxxxxxx<\/a><\/h2>\n\n<div class=\"wp-block-post-excerpt\"><p class=\"wp-block-post-excerpt__excerpt\"><\/p><p class=\"wp-block-post-excerpt__more-text\"><a class=\"wp-block-post-excerpt__more-link\" href=\"https:\/\/jancarek.drevomaja.cz\/?p=910\">V\u00edce<\/a><\/p><\/div><\/div>\n\n<\/li><li class=\"wp-block-post post-684 post type-post status-publish format-standard has-post-thumbnail hentry category-nezarazene category-portrety\">\n\n<div class=\"wp-block-group is-layout-flow wp-block-group-is-layout-flow\" style=\"padding-top:30px;padding-right:30px;padding-bottom:30px;padding-left:30px\"><a href=\"https:\/\/jancarek.drevomaja.cz\/?p=684\"><img decoding=\"async\" src=\"https:\/\/jancarek.drevomaja.cz\/wp-content\/uploads\/2026\/03\/Portrety-Serie-Ivan-Hartel_DSC7584-1-768x768.jpg\" alt=\"S\u00e9rie &#8211; Ivan Hartel\" loading=\"lazy\" style=\"max-width:100%\" \/><\/a>\n\n<h2 class=\"wp-block-post-title\"><a href=\"https:\/\/jancarek.drevomaja.cz\/?p=684\" target=\"_self\" >S\u00e9rie &#8211; Ivan Hartel<\/a><\/h2>\n\n<div class=\"wp-block-post-excerpt\"><p class=\"wp-block-post-excerpt__excerpt\"><\/p><p class=\"wp-block-post-excerpt__more-text\"><a class=\"wp-block-post-excerpt__more-link\" href=\"https:\/\/jancarek.drevomaja.cz\/?p=684\">V\u00edce<\/a><\/p><\/div><\/div>\n\n<\/li><\/ul><\/div>\n\n\n\n<div class=\"wp-block-envira-envira-gallery\"><\/div>\n","protected":false},"excerpt":{"rendered":"<p>Pokud v rubrice &#8222;Lid\u00e9, osobnosti&#8220; neuv\u00e1d\u00edm u jednotliv\u00fdch fotografi\u00ed jm\u00e9no portr\u00e9tovan\u00e9 \u010di portr\u00e9tovan\u00e9ho, znamen\u00e1 to jen mou \u0161patnou pam\u011b\u0165 a nedokonal\u00e9 pozn\u00e1mky. Omlouv\u00e1m se a pros\u00edm o zpr\u00e1vu p\u0159es kontaktn\u00ed webov\u00fd formul\u00e1\u0159 &#8211; samoz\u0159ejm\u011b a r\u00e1d jm\u00e9no dopln\u00edm, p\u0159\u00edpadn\u011b za\u0161lu sn\u00edmek v tiskov\u00e9 kvalit\u011b. N\u011bkter\u00e9 z\u00a0portr\u00e9t\u016f jsou star\u0161\u00edho data a ur\u010dit\u011b by mohly b\u00fdt publikov\u00e1ny [&hellip;]<\/p>\n","protected":false},"author":1,"featured_media":2261,"parent":66,"menu_order":1,"comment_status":"closed","ping_status":"closed","template":"","meta":{"footnotes":""},"class_list":["post-46","page","type-page","status-publish","has-post-thumbnail","hentry"],"yoast_head":"<!-- This site is optimized with the Yoast SEO plugin v26.9 - https:\/\/yoast.com\/product\/yoast-seo-wordpress\/ -->\n<title>PORTR\u00c9TY - Petr Jan\u010d\u00e1rek<\/title>\n<meta name=\"robots\" content=\"noindex, follow, max-snippet:-1, max-image-preview:large, max-video-preview:-1\" \/>\n<meta property=\"og:locale\" content=\"cs_CZ\" \/>\n<meta property=\"og:type\" content=\"article\" \/>\n<meta property=\"og:title\" content=\"PORTR\u00c9TY - Petr Jan\u010d\u00e1rek\" \/>\n<meta property=\"og:description\" content=\"Pokud v rubrice &#8222;Lid\u00e9, osobnosti&#8220; neuv\u00e1d\u00edm u jednotliv\u00fdch fotografi\u00ed jm\u00e9no portr\u00e9tovan\u00e9 \u010di portr\u00e9tovan\u00e9ho, znamen\u00e1 to jen mou \u0161patnou pam\u011b\u0165 a nedokonal\u00e9 pozn\u00e1mky. Omlouv\u00e1m se a pros\u00edm o zpr\u00e1vu p\u0159es kontaktn\u00ed webov\u00fd formul\u00e1\u0159 &#8211; samoz\u0159ejm\u011b a r\u00e1d jm\u00e9no dopln\u00edm, p\u0159\u00edpadn\u011b za\u0161lu sn\u00edmek v tiskov\u00e9 kvalit\u011b. N\u011bkter\u00e9 z\u00a0portr\u00e9t\u016f jsou star\u0161\u00edho data a ur\u010dit\u011b by mohly b\u00fdt publikov\u00e1ny [&hellip;]\" \/>\n<meta property=\"og:url\" content=\"https:\/\/jancarek.drevomaja.cz\/?page_id=46\" \/>\n<meta property=\"og:site_name\" content=\"Petr Jan\u010d\u00e1rek\" \/>\n<meta property=\"article:modified_time\" content=\"2026-04-15T12:17:03+00:00\" \/>\n<meta property=\"og:image\" content=\"https:\/\/jancarek.drevomaja.cz\/wp-content\/uploads\/2026\/04\/Lied-osobnosti_DSC_0456-scaled.jpg\" \/>\n\t<meta property=\"og:image:width\" content=\"2560\" \/>\n\t<meta property=\"og:image:height\" content=\"2560\" \/>\n\t<meta property=\"og:image:type\" content=\"image\/jpeg\" \/>\n<meta name=\"twitter:card\" content=\"summary_large_image\" \/>\n<meta name=\"twitter:label1\" content=\"Odhadovan\u00e1 doba \u010dten\u00ed\" \/>\n\t<meta name=\"twitter:data1\" content=\"1 minuta\" \/>\n<script type=\"application\/ld+json\" class=\"yoast-schema-graph\">{\"@context\":\"https:\/\/schema.org\",\"@graph\":[{\"@type\":\"WebPage\",\"@id\":\"https:\/\/jancarek.drevomaja.cz\/?page_id=46\",\"url\":\"https:\/\/jancarek.drevomaja.cz\/?page_id=46\",\"name\":\"PORTR\u00c9TY - Petr Jan\u010d\u00e1rek\",\"isPartOf\":{\"@id\":\"https:\/\/jancarek.drevomaja.cz\/#website\"},\"primaryImageOfPage\":{\"@id\":\"https:\/\/jancarek.drevomaja.cz\/?page_id=46#primaryimage\"},\"image\":{\"@id\":\"https:\/\/jancarek.drevomaja.cz\/?page_id=46#primaryimage\"},\"thumbnailUrl\":\"https:\/\/jancarek.drevomaja.cz\/wp-content\/uploads\/2026\/04\/Lied-osobnosti_DSC_0456-scaled.jpg\",\"datePublished\":\"2026-02-02T19:22:50+00:00\",\"dateModified\":\"2026-04-15T12:17:03+00:00\",\"breadcrumb\":{\"@id\":\"https:\/\/jancarek.drevomaja.cz\/?page_id=46#breadcrumb\"},\"inLanguage\":\"cs\",\"potentialAction\":[{\"@type\":\"ReadAction\",\"target\":[\"https:\/\/jancarek.drevomaja.cz\/?page_id=46\"]}]},{\"@type\":\"ImageObject\",\"inLanguage\":\"cs\",\"@id\":\"https:\/\/jancarek.drevomaja.cz\/?page_id=46#primaryimage\",\"url\":\"https:\/\/jancarek.drevomaja.cz\/wp-content\/uploads\/2026\/04\/Lied-osobnosti_DSC_0456-scaled.jpg\",\"contentUrl\":\"https:\/\/jancarek.drevomaja.cz\/wp-content\/uploads\/2026\/04\/Lied-osobnosti_DSC_0456-scaled.jpg\",\"width\":2560,\"height\":2560,\"caption\":\"Lied Osobnosti Dsc 0456\"},{\"@type\":\"BreadcrumbList\",\"@id\":\"https:\/\/jancarek.drevomaja.cz\/?page_id=46#breadcrumb\",\"itemListElement\":[{\"@type\":\"ListItem\",\"position\":1,\"name\":\"Dom\u016f\",\"item\":\"https:\/\/jancarek.drevomaja.cz\/\"},{\"@type\":\"ListItem\",\"position\":2,\"name\":\"FOTOGRAFIE\",\"item\":\"https:\/\/jancarek.drevomaja.cz\/?page_id=66\"},{\"@type\":\"ListItem\",\"position\":3,\"name\":\"PORTR\u00c9TY\"}]},{\"@type\":\"WebSite\",\"@id\":\"https:\/\/jancarek.drevomaja.cz\/#website\",\"url\":\"https:\/\/jancarek.drevomaja.cz\/\",\"name\":\"Petr Jan\u010d\u00e1rek\",\"description\":\"\",\"potentialAction\":[{\"@type\":\"SearchAction\",\"target\":{\"@type\":\"EntryPoint\",\"urlTemplate\":\"https:\/\/jancarek.drevomaja.cz\/?s={search_term_string}\"},\"query-input\":{\"@type\":\"PropertyValueSpecification\",\"valueRequired\":true,\"valueName\":\"search_term_string\"}}],\"inLanguage\":\"cs\"}]}<\/script>\n<!-- \/ Yoast SEO plugin. -->","yoast_head_json":{"title":"PORTR\u00c9TY - Petr Jan\u010d\u00e1rek","robots":{"index":"noindex","follow":"follow","max-snippet":"max-snippet:-1","max-image-preview":"max-image-preview:large","max-video-preview":"max-video-preview:-1"},"og_locale":"cs_CZ","og_type":"article","og_title":"PORTR\u00c9TY - Petr Jan\u010d\u00e1rek","og_description":"Pokud v rubrice &#8222;Lid\u00e9, osobnosti&#8220; neuv\u00e1d\u00edm u jednotliv\u00fdch fotografi\u00ed jm\u00e9no portr\u00e9tovan\u00e9 \u010di portr\u00e9tovan\u00e9ho, znamen\u00e1 to jen mou \u0161patnou pam\u011b\u0165 a nedokonal\u00e9 pozn\u00e1mky. Omlouv\u00e1m se a pros\u00edm o zpr\u00e1vu p\u0159es kontaktn\u00ed webov\u00fd formul\u00e1\u0159 &#8211; samoz\u0159ejm\u011b a r\u00e1d jm\u00e9no dopln\u00edm, p\u0159\u00edpadn\u011b za\u0161lu sn\u00edmek v tiskov\u00e9 kvalit\u011b. N\u011bkter\u00e9 z\u00a0portr\u00e9t\u016f jsou star\u0161\u00edho data a ur\u010dit\u011b by mohly b\u00fdt publikov\u00e1ny [&hellip;]","og_url":"https:\/\/jancarek.drevomaja.cz\/?page_id=46","og_site_name":"Petr Jan\u010d\u00e1rek","article_modified_time":"2026-04-15T12:17:03+00:00","og_image":[{"width":2560,"height":2560,"url":"https:\/\/jancarek.drevomaja.cz\/wp-content\/uploads\/2026\/04\/Lied-osobnosti_DSC_0456-scaled.jpg","type":"image\/jpeg"}],"twitter_card":"summary_large_image","twitter_misc":{"Odhadovan\u00e1 doba \u010dten\u00ed":"1 minuta"},"schema":{"@context":"https:\/\/schema.org","@graph":[{"@type":"WebPage","@id":"https:\/\/jancarek.drevomaja.cz\/?page_id=46","url":"https:\/\/jancarek.drevomaja.cz\/?page_id=46","name":"PORTR\u00c9TY - Petr Jan\u010d\u00e1rek","isPartOf":{"@id":"https:\/\/jancarek.drevomaja.cz\/#website"},"primaryImageOfPage":{"@id":"https:\/\/jancarek.drevomaja.cz\/?page_id=46#primaryimage"},"image":{"@id":"https:\/\/jancarek.drevomaja.cz\/?page_id=46#primaryimage"},"thumbnailUrl":"https:\/\/jancarek.drevomaja.cz\/wp-content\/uploads\/2026\/04\/Lied-osobnosti_DSC_0456-scaled.jpg","datePublished":"2026-02-02T19:22:50+00:00","dateModified":"2026-04-15T12:17:03+00:00","breadcrumb":{"@id":"https:\/\/jancarek.drevomaja.cz\/?page_id=46#breadcrumb"},"inLanguage":"cs","potentialAction":[{"@type":"ReadAction","target":["https:\/\/jancarek.drevomaja.cz\/?page_id=46"]}]},{"@type":"ImageObject","inLanguage":"cs","@id":"https:\/\/jancarek.drevomaja.cz\/?page_id=46#primaryimage","url":"https:\/\/jancarek.drevomaja.cz\/wp-content\/uploads\/2026\/04\/Lied-osobnosti_DSC_0456-scaled.jpg","contentUrl":"https:\/\/jancarek.drevomaja.cz\/wp-content\/uploads\/2026\/04\/Lied-osobnosti_DSC_0456-scaled.jpg","width":2560,"height":2560,"caption":"Lied Osobnosti Dsc 0456"},{"@type":"BreadcrumbList","@id":"https:\/\/jancarek.drevomaja.cz\/?page_id=46#breadcrumb","itemListElement":[{"@type":"ListItem","position":1,"name":"Dom\u016f","item":"https:\/\/jancarek.drevomaja.cz\/"},{"@type":"ListItem","position":2,"name":"FOTOGRAFIE","item":"https:\/\/jancarek.drevomaja.cz\/?page_id=66"},{"@type":"ListItem","position":3,"name":"PORTR\u00c9TY"}]},{"@type":"WebSite","@id":"https:\/\/jancarek.drevomaja.cz\/#website","url":"https:\/\/jancarek.drevomaja.cz\/","name":"Petr Jan\u010d\u00e1rek","description":"","potentialAction":[{"@type":"SearchAction","target":{"@type":"EntryPoint","urlTemplate":"https:\/\/jancarek.drevomaja.cz\/?s={search_term_string}"},"query-input":{"@type":"PropertyValueSpecification","valueRequired":true,"valueName":"search_term_string"}}],"inLanguage":"cs"}]}},"_links":{"self":[{"href":"https:\/\/jancarek.drevomaja.cz\/index.php?rest_route=\/wp\/v2\/pages\/46","targetHints":{"allow":["GET"]}}],"collection":[{"href":"https:\/\/jancarek.drevomaja.cz\/index.php?rest_route=\/wp\/v2\/pages"}],"about":[{"href":"https:\/\/jancarek.drevomaja.cz\/index.php?rest_route=\/wp\/v2\/types\/page"}],"author":[{"embeddable":true,"href":"https:\/\/jancarek.drevomaja.cz\/index.php?rest_route=\/wp\/v2\/users\/1"}],"replies":[{"embeddable":true,"href":"https:\/\/jancarek.drevomaja.cz\/index.php?rest_route=%2Fwp%2Fv2%2Fcomments&post=46"}],"version-history":[{"count":25,"href":"https:\/\/jancarek.drevomaja.cz\/index.php?rest_route=\/wp\/v2\/pages\/46\/revisions"}],"predecessor-version":[{"id":2279,"href":"https:\/\/jancarek.drevomaja.cz\/index.php?rest_route=\/wp\/v2\/pages\/46\/revisions\/2279"}],"up":[{"embeddable":true,"href":"https:\/\/jancarek.drevomaja.cz\/index.php?rest_route=\/wp\/v2\/pages\/66"}],"wp:featuredmedia":[{"embeddable":true,"href":"https:\/\/jancarek.drevomaja.cz\/index.php?rest_route=\/wp\/v2\/media\/2261"}],"wp:attachment":[{"href":"https:\/\/jancarek.drevomaja.cz\/index.php?rest_route=%2Fwp%2Fv2%2Fmedia&parent=46"}],"curies":[{"name":"wp","href":"https:\/\/api.w.org\/{rel}","templated":true}]}}