{"id":53,"date":"2026-02-02T20:26:53","date_gmt":"2026-02-02T19:26:53","guid":{"rendered":"https:\/\/jancarek.drevomaja.cz\/?page_id=53"},"modified":"2026-04-12T18:50:46","modified_gmt":"2026-04-12T16:50:46","slug":"nalezeno-v-archivu","status":"publish","type":"page","link":"https:\/\/jancarek.drevomaja.cz\/?page_id=53","title":{"rendered":"NALEZENO V ARCHIVU"},"content":{"rendered":"\n<div class=\"wp-block-query is-layout-flow wp-block-query-is-layout-flow\"><ul class=\"columns-3 wp-block-post-template is-layout-grid wp-container-core-post-template-is-layout-6d3fbd8f wp-block-post-template-is-layout-grid\"><li class=\"wp-block-post post-306 post type-post status-publish format-standard has-post-thumbnail hentry category-archiv category-nezarazene\">\n\n<div class=\"wp-block-group is-layout-flow wp-block-group-is-layout-flow\" style=\"padding-top:30px;padding-right:30px;padding-bottom:30px;padding-left:30px\"><a href=\"https:\/\/jancarek.drevomaja.cz\/?p=306\"><img decoding=\"async\" src=\"https:\/\/jancarek.drevomaja.cz\/wp-content\/uploads\/2026\/02\/1x1-Pohledy-zpet-768x768.jpg\" alt=\"NALEZENO V ARCHIVU\" loading=\"lazy\" style=\"max-width:100%\" \/><\/a>\n\n<h2 class=\"wp-block-post-title\"><a href=\"https:\/\/jancarek.drevomaja.cz\/?p=306\" target=\"_self\" >NALEZENO V ARCHIVU<\/a><\/h2>\n\n<div class=\"wp-block-post-excerpt\"><p class=\"wp-block-post-excerpt__excerpt\"><\/p><p class=\"wp-block-post-excerpt__more-text\"><a class=\"wp-block-post-excerpt__more-link\" href=\"https:\/\/jancarek.drevomaja.cz\/?p=306\">V\u00cdCE<\/a><\/p><\/div>\n\n<div class=\"wp-block-post-date flex\"><svg class=\"icon icon-calendar\" aria-hidden=\"true\" role=\"img\"> <use href=\"#icon-calendar\" xlink:href=\"#icon-calendar\"><\/use> <\/svg><time datetime=\"2026-02-08T19:58:55+01:00\">8. 2. 2026<\/time><\/div><\/div>\n\n<\/li><\/ul><\/div>\n","protected":false},"excerpt":{"rendered":"","protected":false},"author":1,"featured_media":1572,"parent":66,"menu_order":6,"comment_status":"closed","ping_status":"closed","template":"","meta":{"footnotes":""},"class_list":["post-53","page","type-page","status-publish","has-post-thumbnail","hentry"],"yoast_head":"<!-- This site is optimized with the Yoast SEO plugin v26.9 - https:\/\/yoast.com\/product\/yoast-seo-wordpress\/ -->\n<title>NALEZENO V ARCHIVU - Petr Jan\u010d\u00e1rek<\/title>\n<meta name=\"robots\" content=\"noindex, follow, max-snippet:-1, max-image-preview:large, max-video-preview:-1\" \/>\n<meta property=\"og:locale\" content=\"cs_CZ\" \/>\n<meta property=\"og:type\" content=\"article\" \/>\n<meta property=\"og:title\" content=\"NALEZENO V ARCHIVU - Petr Jan\u010d\u00e1rek\" \/>\n<meta property=\"og:url\" content=\"https:\/\/jancarek.drevomaja.cz\/?page_id=53\" \/>\n<meta property=\"og:site_name\" content=\"Petr Jan\u010d\u00e1rek\" \/>\n<meta property=\"article:modified_time\" content=\"2026-04-12T16:50:46+00:00\" \/>\n<meta property=\"og:image\" content=\"https:\/\/jancarek.drevomaja.cz\/wp-content\/uploads\/2026\/04\/NALEZENO-V-ARCHIVU_DSC_0147.jpg\" \/>\n\t<meta property=\"og:image:width\" content=\"2246\" \/>\n\t<meta property=\"og:image:height\" content=\"2246\" \/>\n\t<meta property=\"og:image:type\" content=\"image\/jpeg\" \/>\n<meta name=\"twitter:card\" content=\"summary_large_image\" \/>\n<meta name=\"twitter:label1\" content=\"Odhadovan\u00e1 doba \u010dten\u00ed\" \/>\n\t<meta name=\"twitter:data1\" content=\"1 minuta\" \/>\n<script type=\"application\/ld+json\" class=\"yoast-schema-graph\">{\"@context\":\"https:\/\/schema.org\",\"@graph\":[{\"@type\":\"WebPage\",\"@id\":\"https:\/\/jancarek.drevomaja.cz\/?page_id=53\",\"url\":\"https:\/\/jancarek.drevomaja.cz\/?page_id=53\",\"name\":\"NALEZENO V ARCHIVU - Petr Jan\u010d\u00e1rek\",\"isPartOf\":{\"@id\":\"https:\/\/jancarek.drevomaja.cz\/#website\"},\"primaryImageOfPage\":{\"@id\":\"https:\/\/jancarek.drevomaja.cz\/?page_id=53#primaryimage\"},\"image\":{\"@id\":\"https:\/\/jancarek.drevomaja.cz\/?page_id=53#primaryimage\"},\"thumbnailUrl\":\"https:\/\/jancarek.drevomaja.cz\/wp-content\/uploads\/2026\/04\/1920x486-FOTO-Lide-a-spolecnost-galerie-TRUTNOFF-2025-scaled.jpg\",\"datePublished\":\"2026-02-02T19:26:53+00:00\",\"dateModified\":\"2026-04-12T16:50:46+00:00\",\"breadcrumb\":{\"@id\":\"https:\/\/jancarek.drevomaja.cz\/?page_id=53#breadcrumb\"},\"inLanguage\":\"cs\",\"potentialAction\":[{\"@type\":\"ReadAction\",\"target\":[\"https:\/\/jancarek.drevomaja.cz\/?page_id=53\"]}]},{\"@type\":\"ImageObject\",\"inLanguage\":\"cs\",\"@id\":\"https:\/\/jancarek.drevomaja.cz\/?page_id=53#primaryimage\",\"url\":\"https:\/\/jancarek.drevomaja.cz\/wp-content\/uploads\/2026\/04\/1920x486-FOTO-Lide-a-spolecnost-galerie-TRUTNOFF-2025-scaled.jpg\",\"contentUrl\":\"https:\/\/jancarek.drevomaja.cz\/wp-content\/uploads\/2026\/04\/1920x486-FOTO-Lide-a-spolecnost-galerie-TRUTNOFF-2025-scaled.jpg\",\"width\":2560,\"height\":648,\"caption\":\"1920X486 Foto Lide A Spolecnost Galerie Trutnoff 2025\"},{\"@type\":\"BreadcrumbList\",\"@id\":\"https:\/\/jancarek.drevomaja.cz\/?page_id=53#breadcrumb\",\"itemListElement\":[{\"@type\":\"ListItem\",\"position\":1,\"name\":\"Dom\u016f\",\"item\":\"https:\/\/jancarek.drevomaja.cz\/\"},{\"@type\":\"ListItem\",\"position\":2,\"name\":\"FOTOGRAFIE\",\"item\":\"https:\/\/jancarek.drevomaja.cz\/?page_id=66\"},{\"@type\":\"ListItem\",\"position\":3,\"name\":\"NALEZENO V ARCHIVU\"}]},{\"@type\":\"WebSite\",\"@id\":\"https:\/\/jancarek.drevomaja.cz\/#website\",\"url\":\"https:\/\/jancarek.drevomaja.cz\/\",\"name\":\"Petr Jan\u010d\u00e1rek\",\"description\":\"\",\"potentialAction\":[{\"@type\":\"SearchAction\",\"target\":{\"@type\":\"EntryPoint\",\"urlTemplate\":\"https:\/\/jancarek.drevomaja.cz\/?s={search_term_string}\"},\"query-input\":{\"@type\":\"PropertyValueSpecification\",\"valueRequired\":true,\"valueName\":\"search_term_string\"}}],\"inLanguage\":\"cs\"}]}<\/script>\n<!-- \/ Yoast SEO plugin. -->","yoast_head_json":{"title":"NALEZENO V ARCHIVU - Petr Jan\u010d\u00e1rek","robots":{"index":"noindex","follow":"follow","max-snippet":"max-snippet:-1","max-image-preview":"max-image-preview:large","max-video-preview":"max-video-preview:-1"},"og_locale":"cs_CZ","og_type":"article","og_title":"NALEZENO V ARCHIVU - Petr Jan\u010d\u00e1rek","og_url":"https:\/\/jancarek.drevomaja.cz\/?page_id=53","og_site_name":"Petr Jan\u010d\u00e1rek","article_modified_time":"2026-04-12T16:50:46+00:00","og_image":[{"width":2246,"height":2246,"url":"https:\/\/jancarek.drevomaja.cz\/wp-content\/uploads\/2026\/04\/NALEZENO-V-ARCHIVU_DSC_0147.jpg","type":"image\/jpeg"}],"twitter_card":"summary_large_image","twitter_misc":{"Odhadovan\u00e1 doba \u010dten\u00ed":"1 minuta"},"schema":{"@context":"https:\/\/schema.org","@graph":[{"@type":"WebPage","@id":"https:\/\/jancarek.drevomaja.cz\/?page_id=53","url":"https:\/\/jancarek.drevomaja.cz\/?page_id=53","name":"NALEZENO V ARCHIVU - Petr Jan\u010d\u00e1rek","isPartOf":{"@id":"https:\/\/jancarek.drevomaja.cz\/#website"},"primaryImageOfPage":{"@id":"https:\/\/jancarek.drevomaja.cz\/?page_id=53#primaryimage"},"image":{"@id":"https:\/\/jancarek.drevomaja.cz\/?page_id=53#primaryimage"},"thumbnailUrl":"https:\/\/jancarek.drevomaja.cz\/wp-content\/uploads\/2026\/04\/1920x486-FOTO-Lide-a-spolecnost-galerie-TRUTNOFF-2025-scaled.jpg","datePublished":"2026-02-02T19:26:53+00:00","dateModified":"2026-04-12T16:50:46+00:00","breadcrumb":{"@id":"https:\/\/jancarek.drevomaja.cz\/?page_id=53#breadcrumb"},"inLanguage":"cs","potentialAction":[{"@type":"ReadAction","target":["https:\/\/jancarek.drevomaja.cz\/?page_id=53"]}]},{"@type":"ImageObject","inLanguage":"cs","@id":"https:\/\/jancarek.drevomaja.cz\/?page_id=53#primaryimage","url":"https:\/\/jancarek.drevomaja.cz\/wp-content\/uploads\/2026\/04\/1920x486-FOTO-Lide-a-spolecnost-galerie-TRUTNOFF-2025-scaled.jpg","contentUrl":"https:\/\/jancarek.drevomaja.cz\/wp-content\/uploads\/2026\/04\/1920x486-FOTO-Lide-a-spolecnost-galerie-TRUTNOFF-2025-scaled.jpg","width":2560,"height":648,"caption":"1920X486 Foto Lide A Spolecnost Galerie Trutnoff 2025"},{"@type":"BreadcrumbList","@id":"https:\/\/jancarek.drevomaja.cz\/?page_id=53#breadcrumb","itemListElement":[{"@type":"ListItem","position":1,"name":"Dom\u016f","item":"https:\/\/jancarek.drevomaja.cz\/"},{"@type":"ListItem","position":2,"name":"FOTOGRAFIE","item":"https:\/\/jancarek.drevomaja.cz\/?page_id=66"},{"@type":"ListItem","position":3,"name":"NALEZENO V ARCHIVU"}]},{"@type":"WebSite","@id":"https:\/\/jancarek.drevomaja.cz\/#website","url":"https:\/\/jancarek.drevomaja.cz\/","name":"Petr Jan\u010d\u00e1rek","description":"","potentialAction":[{"@type":"SearchAction","target":{"@type":"EntryPoint","urlTemplate":"https:\/\/jancarek.drevomaja.cz\/?s={search_term_string}"},"query-input":{"@type":"PropertyValueSpecification","valueRequired":true,"valueName":"search_term_string"}}],"inLanguage":"cs"}]}},"_links":{"self":[{"href":"https:\/\/jancarek.drevomaja.cz\/index.php?rest_route=\/wp\/v2\/pages\/53","targetHints":{"allow":["GET"]}}],"collection":[{"href":"https:\/\/jancarek.drevomaja.cz\/index.php?rest_route=\/wp\/v2\/pages"}],"about":[{"href":"https:\/\/jancarek.drevomaja.cz\/index.php?rest_route=\/wp\/v2\/types\/page"}],"author":[{"embeddable":true,"href":"https:\/\/jancarek.drevomaja.cz\/index.php?rest_route=\/wp\/v2\/users\/1"}],"replies":[{"embeddable":true,"href":"https:\/\/jancarek.drevomaja.cz\/index.php?rest_route=%2Fwp%2Fv2%2Fcomments&post=53"}],"version-history":[{"count":8,"href":"https:\/\/jancarek.drevomaja.cz\/index.php?rest_route=\/wp\/v2\/pages\/53\/revisions"}],"predecessor-version":[{"id":2266,"href":"https:\/\/jancarek.drevomaja.cz\/index.php?rest_route=\/wp\/v2\/pages\/53\/revisions\/2266"}],"up":[{"embeddable":true,"href":"https:\/\/jancarek.drevomaja.cz\/index.php?rest_route=\/wp\/v2\/pages\/66"}],"wp:featuredmedia":[{"embeddable":true,"href":"https:\/\/jancarek.drevomaja.cz\/index.php?rest_route=\/wp\/v2\/media\/1572"}],"wp:attachment":[{"href":"https:\/\/jancarek.drevomaja.cz\/index.php?rest_route=%2Fwp%2Fv2%2Fmedia&parent=53"}],"curies":[{"name":"wp","href":"https:\/\/api.w.org\/{rel}","templated":true}]}}