{"id":9,"date":"2026-02-02T19:52:39","date_gmt":"2026-02-02T18:52:39","guid":{"rendered":"https:\/\/jancarek.drevomaja.cz\/?page_id=9"},"modified":"2026-03-30T12:54:02","modified_gmt":"2026-03-30T10:54:02","slug":"horka-mista","status":"publish","type":"page","link":"https:\/\/jancarek.drevomaja.cz\/?page_id=9","title":{"rendered":"HORK\u00c1 M\u00cdSTA"},"content":{"rendered":"<h2 class=\"wp-block-post-title\">HORK\u00c1 M\u00cdSTA<\/h2>\n\n\n<div style=\"height:43px\" aria-hidden=\"true\" class=\"wp-block-spacer\"><\/div>\n\n\n\n<p>Pr\u00e1ce n\u011bkdy zavede dokumentaristy, novin\u00e1\u0159e a fotografy do nep\u0159\u00edli\u0161 bezpe\u010dn\u00fdch m\u00edst. Prvn\u00ed<br>v\u00e1le\u010dn\u00fd konflikt, v&nbsp;n\u011bm\u017e jsem pracoval, byla v\u00e1lka na Balk\u00e1n\u011b, to\u010dili jsme tehdy misi, p\u0159i n\u00ed\u017e<br>\u010clov\u011bk v&nbsp;t\u00edsni po vlastn\u00ed ose dopravoval do posti\u017een\u00fdch m\u00edst pou\u017eit\u00e9 sanitn\u00ed vozy, v\u011bnovan\u00e9<br>m\u011bstem Prahou. N\u00e1sledoval sn\u00edmek o prvn\u00ed \u010desk\u00e9 zahrani\u010dn\u00ed jednotce \u010cesk\u00e9 arm\u00e1dy, kter\u00e1<br>p\u016fsobila v&nbsp;r\u00e1mci mise UNPROFOR v&nbsp;oblasti Plitvick\u00fdch jezer, n\u00e1sledovala v\u00e1lka v \u010ce\u010dn\u011b a<br>film o dod\u00e1vce zdravotn\u00edch pom\u016fcek a materi\u00e1lu na neobsazen\u00e1 \u010de\u010densk\u00e1 \u00fazem\u00ed, d\u00e1le Izrael<br>v&nbsp;pohledu obou stran v dob\u011b druh\u00e9 intif\u00e1dy, filmy o exodu Alb\u00e1nc\u016f z&nbsp;Kosova, o disidentech<br>na Kub\u011b, i p\u0159\u00edb\u011bh u Bu\u010fonovska zast\u0159elen\u00e9 rusk\u00e9 novin\u00e1\u0159ky a jej\u00edho n\u011bmeck\u00e9ho man\u017eela.<br>Posledn\u00edm dokumentem, vznil\u00fdm v&nbsp;souvislosti s&nbsp;v\u00e1lkou \u010di bezpr\u00e1v\u00edm je film o pomoci<br>\u010clov\u011bka v&nbsp;t\u00edsni na Ukrajin\u011b po za\u010d\u00e1tku plo\u0161n\u00e9 rusk\u00e9 invaze v&nbsp;roce 2022.<\/p>\n\n\n\n<div style=\"height:48px\" aria-hidden=\"true\" class=\"wp-block-spacer\"><\/div>\n\n\n\n<div class=\"wp-block-query is-layout-flow wp-block-query-is-layout-flow\"><ul class=\"columns-3 wp-block-post-template is-layout-grid wp-container-core-post-template-is-layout-6d3fbd8f wp-block-post-template-is-layout-grid\"><li class=\"wp-block-post post-138 post type-post status-publish format-standard has-post-thumbnail hentry category-horka-mista-sveta\">\n\n<div class=\"wp-block-group is-layout-flow wp-block-group-is-layout-flow\" style=\"padding-top:30px;padding-right:30px;padding-bottom:30px;padding-left:30px\"><figure class=\"wp-block-post-featured-image\"><img loading=\"lazy\" decoding=\"async\" width=\"735\" height=\"735\" src=\"https:\/\/jancarek.drevomaja.cz\/wp-content\/uploads\/2026\/02\/1x1_valecni_reporteri_dlazdice.jpg\" class=\"attachment-post-thumbnail size-post-thumbnail wp-post-image\" alt=\"1X1 Valecni Reporteri Dlazdice\" style=\"object-fit:cover;\" srcset=\"https:\/\/jancarek.drevomaja.cz\/wp-content\/uploads\/2026\/02\/1x1_valecni_reporteri_dlazdice.jpg 735w, https:\/\/jancarek.drevomaja.cz\/wp-content\/uploads\/2026\/02\/1x1_valecni_reporteri_dlazdice-300x300.jpg 300w, https:\/\/jancarek.drevomaja.cz\/wp-content\/uploads\/2026\/02\/1x1_valecni_reporteri_dlazdice-150x150.jpg 150w\" sizes=\"auto, (max-width: 735px) 100vw, 735px\" \/><\/figure>\n\n<h2 class=\"wp-block-post-title has-content-heading-font-size\"><a href=\"https:\/\/jancarek.drevomaja.cz\/?p=138\" target=\"_self\" >V\u00e1le\u010dn\u00ed report\u00e9\u0159i<\/a><\/h2>\n\n<div class=\"wp-block-post-excerpt\"><p class=\"wp-block-post-excerpt__excerpt\">Jak vn\u00edmaj\u00ed svoji profesi, jak pro\u017e\u00edvaj\u00ed strach, jakou maj\u00ed motivaci? Pt\u00e1m&hellip;<\/p><p class=\"wp-block-post-excerpt__more-text\"><a class=\"wp-block-post-excerpt__more-link\" href=\"https:\/\/jancarek.drevomaja.cz\/?p=138\">V\u00cdCE<\/a><\/p><\/div>\n\n<div class=\"wp-block-post-date flex\"><svg class=\"icon icon-calendar\" aria-hidden=\"true\" role=\"img\"> <use href=\"#icon-calendar\" xlink:href=\"#icon-calendar\"><\/use> <\/svg><time datetime=\"2026-02-02T22:55:26+01:00\">2. 2. 2026<\/time><\/div><\/div>\n\n<\/li><li class=\"wp-block-post post-136 post type-post status-publish format-standard has-post-thumbnail hentry category-horka-mista-sveta\">\n\n<div class=\"wp-block-group is-layout-flow wp-block-group-is-layout-flow\" style=\"padding-top:30px;padding-right:30px;padding-bottom:30px;padding-left:30px\"><figure class=\"wp-block-post-featured-image\"><img loading=\"lazy\" decoding=\"async\" width=\"1004\" height=\"1004\" src=\"https:\/\/jancarek.drevomaja.cz\/wp-content\/uploads\/2026\/02\/upr_U2.jpg\" class=\"attachment-post-thumbnail size-post-thumbnail wp-post-image\" alt=\"Upr U2\" style=\"object-fit:cover;\" srcset=\"https:\/\/jancarek.drevomaja.cz\/wp-content\/uploads\/2026\/02\/upr_U2.jpg 1004w, https:\/\/jancarek.drevomaja.cz\/wp-content\/uploads\/2026\/02\/upr_U2-300x300.jpg 300w, https:\/\/jancarek.drevomaja.cz\/wp-content\/uploads\/2026\/02\/upr_U2-150x150.jpg 150w, https:\/\/jancarek.drevomaja.cz\/wp-content\/uploads\/2026\/02\/upr_U2-768x768.jpg 768w\" sizes=\"auto, (max-width: 1004px) 100vw, 1004px\" \/><\/figure>\n\n<h2 class=\"wp-block-post-title has-content-heading-font-size\"><a href=\"https:\/\/jancarek.drevomaja.cz\/?p=136\" target=\"_self\" >Nezlomn\u00ed<\/a><\/h2>\n\n<div class=\"wp-block-post-excerpt\"><p class=\"wp-block-post-excerpt__excerpt\">Nezlomn\u00ed \u2013 jedna mise, \u010dty\u0159i \u017eivoty. Tak zn\u00ed cel\u00fd n\u00e1zev tohoto&hellip;<\/p><p class=\"wp-block-post-excerpt__more-text\"><a class=\"wp-block-post-excerpt__more-link\" href=\"https:\/\/jancarek.drevomaja.cz\/?p=136\">V\u00cdCE<\/a><\/p><\/div>\n\n<div class=\"wp-block-post-date flex\"><svg class=\"icon icon-calendar\" aria-hidden=\"true\" role=\"img\"> <use href=\"#icon-calendar\" xlink:href=\"#icon-calendar\"><\/use> <\/svg><time datetime=\"2026-02-02T22:54:59+01:00\">2. 2. 2026<\/time><\/div><\/div>\n\n<\/li><li class=\"wp-block-post post-134 post type-post status-publish format-standard has-post-thumbnail hentry category-horka-mista-sveta\">\n\n<div class=\"wp-block-group is-layout-flow wp-block-group-is-layout-flow\" style=\"padding-top:30px;padding-right:30px;padding-bottom:30px;padding-left:30px\"><figure class=\"wp-block-post-featured-image\"><img loading=\"lazy\" decoding=\"async\" width=\"2558\" height=\"2558\" src=\"https:\/\/jancarek.drevomaja.cz\/wp-content\/uploads\/2026\/02\/1x1_IMG_0125.jpg\" class=\"attachment-post-thumbnail size-post-thumbnail wp-post-image\" alt=\"1X1 Img 0125\" style=\"object-fit:cover;\" srcset=\"https:\/\/jancarek.drevomaja.cz\/wp-content\/uploads\/2026\/02\/1x1_IMG_0125.jpg 2558w, https:\/\/jancarek.drevomaja.cz\/wp-content\/uploads\/2026\/02\/1x1_IMG_0125-300x300.jpg 300w, https:\/\/jancarek.drevomaja.cz\/wp-content\/uploads\/2026\/02\/1x1_IMG_0125-1024x1024.jpg 1024w, https:\/\/jancarek.drevomaja.cz\/wp-content\/uploads\/2026\/02\/1x1_IMG_0125-150x150.jpg 150w, https:\/\/jancarek.drevomaja.cz\/wp-content\/uploads\/2026\/02\/1x1_IMG_0125-768x768.jpg 768w, https:\/\/jancarek.drevomaja.cz\/wp-content\/uploads\/2026\/02\/1x1_IMG_0125-1536x1536.jpg 1536w, https:\/\/jancarek.drevomaja.cz\/wp-content\/uploads\/2026\/02\/1x1_IMG_0125-2048x2048.jpg 2048w\" sizes=\"auto, (max-width: 2558px) 100vw, 2558px\" \/><\/figure>\n\n<h2 class=\"wp-block-post-title has-content-heading-font-size\"><a href=\"https:\/\/jancarek.drevomaja.cz\/?p=134\" target=\"_self\" >Hlasy z\u00a0ostrova svobody<\/a><\/h2>\n\n<div class=\"wp-block-post-excerpt\"><p class=\"wp-block-post-excerpt__excerpt\">Unik\u00e1tn\u00ed soubor v\u00fdpov\u011bd\u00ed b\u00fdval\u00fdch v\u011bz\u0148\u016f Castrova re\u017eimu a rodin v\u011bz\u0148\u016f sou\u010dasn\u00fdch&hellip;<\/p><p class=\"wp-block-post-excerpt__more-text\"><a class=\"wp-block-post-excerpt__more-link\" href=\"https:\/\/jancarek.drevomaja.cz\/?p=134\">V\u00cdCE<\/a><\/p><\/div>\n\n<div class=\"wp-block-post-date flex\"><svg class=\"icon icon-calendar\" aria-hidden=\"true\" role=\"img\"> <use href=\"#icon-calendar\" xlink:href=\"#icon-calendar\"><\/use> <\/svg><time datetime=\"2026-02-02T22:54:39+01:00\">2. 2. 2026<\/time><\/div><\/div>\n\n<\/li><li class=\"wp-block-post post-132 post type-post status-publish format-standard has-post-thumbnail hentry category-horka-mista-sveta\">\n\n<div class=\"wp-block-group is-layout-flow wp-block-group-is-layout-flow\" style=\"padding-top:30px;padding-right:30px;padding-bottom:30px;padding-left:30px\"><figure class=\"wp-block-post-featured-image\"><img loading=\"lazy\" decoding=\"async\" width=\"1800\" height=\"1800\" src=\"https:\/\/jancarek.drevomaja.cz\/wp-content\/uploads\/2026\/02\/1x1_zeme-zaslibena.jpg\" class=\"attachment-post-thumbnail size-post-thumbnail wp-post-image\" alt=\"1X1 Zeme Zaslibena\" style=\"object-fit:cover;\" srcset=\"https:\/\/jancarek.drevomaja.cz\/wp-content\/uploads\/2026\/02\/1x1_zeme-zaslibena.jpg 1800w, https:\/\/jancarek.drevomaja.cz\/wp-content\/uploads\/2026\/02\/1x1_zeme-zaslibena-300x300.jpg 300w, https:\/\/jancarek.drevomaja.cz\/wp-content\/uploads\/2026\/02\/1x1_zeme-zaslibena-1024x1024.jpg 1024w, https:\/\/jancarek.drevomaja.cz\/wp-content\/uploads\/2026\/02\/1x1_zeme-zaslibena-150x150.jpg 150w, https:\/\/jancarek.drevomaja.cz\/wp-content\/uploads\/2026\/02\/1x1_zeme-zaslibena-768x768.jpg 768w, https:\/\/jancarek.drevomaja.cz\/wp-content\/uploads\/2026\/02\/1x1_zeme-zaslibena-1536x1536.jpg 1536w\" sizes=\"auto, (max-width: 1800px) 100vw, 1800px\" \/><\/figure>\n\n<h2 class=\"wp-block-post-title has-content-heading-font-size\"><a href=\"https:\/\/jancarek.drevomaja.cz\/?p=132\" target=\"_self\" >Zem\u011b zasl\u00edben\u00e1<\/a><\/h2>\n\n<div class=\"wp-block-post-excerpt\"><p class=\"wp-block-post-excerpt__excerpt\">Osudy lid\u00ed ve zvl\u00e1\u0161tn\u00edm sv\u011bt\u011b izraelsko-palestinsk\u00e9ho pomez\u00ed. Nab\u00edz\u00ed v\u00fdpov\u011bdi z\u00a0obou stran&hellip;<\/p><p class=\"wp-block-post-excerpt__more-text\"><a class=\"wp-block-post-excerpt__more-link\" href=\"https:\/\/jancarek.drevomaja.cz\/?p=132\">V\u00cdCE<\/a><\/p><\/div>\n\n<div class=\"wp-block-post-date flex\"><svg class=\"icon icon-calendar\" aria-hidden=\"true\" role=\"img\"> <use href=\"#icon-calendar\" xlink:href=\"#icon-calendar\"><\/use> <\/svg><time datetime=\"2026-02-02T22:54:04+01:00\">2. 2. 2026<\/time><\/div><\/div>\n\n<\/li><li class=\"wp-block-post post-130 post type-post status-publish format-standard has-post-thumbnail hentry category-horka-mista-sveta\">\n\n<div class=\"wp-block-group is-layout-flow wp-block-group-is-layout-flow\" style=\"padding-top:30px;padding-right:30px;padding-bottom:30px;padding-left:30px\"><figure class=\"wp-block-post-featured-image\"><img loading=\"lazy\" decoding=\"async\" width=\"2560\" height=\"2560\" src=\"https:\/\/jancarek.drevomaja.cz\/wp-content\/uploads\/2026\/02\/PRIPRAVUJEME_1x1-scaled.jpg\" class=\"attachment-post-thumbnail size-post-thumbnail wp-post-image\" alt=\"Pripravujeme 1X1\" style=\"object-fit:cover;\" srcset=\"https:\/\/jancarek.drevomaja.cz\/wp-content\/uploads\/2026\/02\/PRIPRAVUJEME_1x1-scaled.jpg 2560w, https:\/\/jancarek.drevomaja.cz\/wp-content\/uploads\/2026\/02\/PRIPRAVUJEME_1x1-300x300.jpg 300w, https:\/\/jancarek.drevomaja.cz\/wp-content\/uploads\/2026\/02\/PRIPRAVUJEME_1x1-1024x1024.jpg 1024w, https:\/\/jancarek.drevomaja.cz\/wp-content\/uploads\/2026\/02\/PRIPRAVUJEME_1x1-150x150.jpg 150w, https:\/\/jancarek.drevomaja.cz\/wp-content\/uploads\/2026\/02\/PRIPRAVUJEME_1x1-768x768.jpg 768w, https:\/\/jancarek.drevomaja.cz\/wp-content\/uploads\/2026\/02\/PRIPRAVUJEME_1x1-1536x1536.jpg 1536w, https:\/\/jancarek.drevomaja.cz\/wp-content\/uploads\/2026\/02\/PRIPRAVUJEME_1x1-2048x2048.jpg 2048w\" sizes=\"auto, (max-width: 2560px) 100vw, 2560px\" \/><\/figure>\n\n<h2 class=\"wp-block-post-title has-content-heading-font-size\"><a href=\"https:\/\/jancarek.drevomaja.cz\/?p=130\" target=\"_self\" >Dokud n\u00e1s smrt nerozd\u011bl\u00ed<\/a><\/h2>\n\n<div class=\"wp-block-post-excerpt\"><p class=\"wp-block-post-excerpt__excerpt\">Za t\u00edmto dokumentem st\u00e1la Agentura Epicentrum, kter\u00e1 jej nato\u010dila v&nbsp;m\u00e9 re\u017eii&hellip;<\/p><p class=\"wp-block-post-excerpt__more-text\"><a class=\"wp-block-post-excerpt__more-link\" href=\"https:\/\/jancarek.drevomaja.cz\/?p=130\">V\u00cdCE<\/a><\/p><\/div>\n\n<div class=\"wp-block-post-date flex\"><svg class=\"icon icon-calendar\" aria-hidden=\"true\" role=\"img\"> <use href=\"#icon-calendar\" xlink:href=\"#icon-calendar\"><\/use> <\/svg><time datetime=\"2026-02-02T22:53:38+01:00\">2. 2. 2026<\/time><\/div><\/div>\n\n<\/li><li class=\"wp-block-post post-128 post type-post status-publish format-standard has-post-thumbnail hentry category-horka-mista-sveta\">\n\n<div class=\"wp-block-group is-layout-flow wp-block-group-is-layout-flow\" style=\"padding-top:30px;padding-right:30px;padding-bottom:30px;padding-left:30px\"><figure class=\"wp-block-post-featured-image\"><img loading=\"lazy\" decoding=\"async\" width=\"2560\" height=\"2560\" src=\"https:\/\/jancarek.drevomaja.cz\/wp-content\/uploads\/2026\/02\/PRIPRAVUJEME_1x1-scaled.jpg\" class=\"attachment-post-thumbnail size-post-thumbnail wp-post-image\" alt=\"Pripravujeme 1X1\" style=\"object-fit:cover;\" srcset=\"https:\/\/jancarek.drevomaja.cz\/wp-content\/uploads\/2026\/02\/PRIPRAVUJEME_1x1-scaled.jpg 2560w, https:\/\/jancarek.drevomaja.cz\/wp-content\/uploads\/2026\/02\/PRIPRAVUJEME_1x1-300x300.jpg 300w, https:\/\/jancarek.drevomaja.cz\/wp-content\/uploads\/2026\/02\/PRIPRAVUJEME_1x1-1024x1024.jpg 1024w, https:\/\/jancarek.drevomaja.cz\/wp-content\/uploads\/2026\/02\/PRIPRAVUJEME_1x1-150x150.jpg 150w, https:\/\/jancarek.drevomaja.cz\/wp-content\/uploads\/2026\/02\/PRIPRAVUJEME_1x1-768x768.jpg 768w, https:\/\/jancarek.drevomaja.cz\/wp-content\/uploads\/2026\/02\/PRIPRAVUJEME_1x1-1536x1536.jpg 1536w, https:\/\/jancarek.drevomaja.cz\/wp-content\/uploads\/2026\/02\/PRIPRAVUJEME_1x1-2048x2048.jpg 2048w\" sizes=\"auto, (max-width: 2560px) 100vw, 2560px\" \/><\/figure>\n\n<h2 class=\"wp-block-post-title has-content-heading-font-size\"><a href=\"https:\/\/jancarek.drevomaja.cz\/?p=128\" target=\"_self\" >\u010ce\u010densk\u00fd sen<\/a><\/h2>\n\n<div class=\"wp-block-post-excerpt\"><p class=\"wp-block-post-excerpt__excerpt\">Jde o v\u00fdznamn\u00fd dokument &#8211; byl prvn\u00edm filmem z&nbsp;d\u00edlny Agentury Epicentrum,&hellip;<\/p><p class=\"wp-block-post-excerpt__more-text\"><a class=\"wp-block-post-excerpt__more-link\" href=\"https:\/\/jancarek.drevomaja.cz\/?p=128\">V\u00cdCE<\/a><\/p><\/div>\n\n<div class=\"wp-block-post-date flex\"><svg class=\"icon icon-calendar\" aria-hidden=\"true\" role=\"img\"> <use href=\"#icon-calendar\" xlink:href=\"#icon-calendar\"><\/use> <\/svg><time datetime=\"2026-02-02T22:53:09+01:00\">2. 2. 2026<\/time><\/div><\/div>\n\n<\/li><\/ul><\/div>\n","protected":false},"excerpt":{"rendered":"<p>Pr\u00e1ce n\u011bkdy zavede dokumentaristy, novin\u00e1\u0159e a fotografy do nep\u0159\u00edli\u0161 bezpe\u010dn\u00fdch m\u00edst. Prvn\u00edv\u00e1le\u010dn\u00fd konflikt, v&nbsp;n\u011bm\u017e jsem pracoval, byla v\u00e1lka na Balk\u00e1n\u011b, to\u010dili jsme tehdy misi, p\u0159i n\u00ed\u017e\u010clov\u011bk v&nbsp;t\u00edsni po vlastn\u00ed ose dopravoval do posti\u017een\u00fdch m\u00edst pou\u017eit\u00e9 sanitn\u00ed vozy, v\u011bnovan\u00e9m\u011bstem Prahou. N\u00e1sledoval sn\u00edmek o prvn\u00ed \u010desk\u00e9 zahrani\u010dn\u00ed jednotce \u010cesk\u00e9 arm\u00e1dy, kter\u00e1p\u016fsobila v&nbsp;r\u00e1mci mise UNPROFOR v&nbsp;oblasti Plitvick\u00fdch jezer, [&hellip;]<\/p>\n","protected":false},"author":1,"featured_media":409,"parent":64,"menu_order":2,"comment_status":"closed","ping_status":"closed","template":"","meta":{"footnotes":""},"class_list":["post-9","page","type-page","status-publish","has-post-thumbnail","hentry"],"yoast_head":"<!-- This site is optimized with the Yoast SEO plugin v26.9 - https:\/\/yoast.com\/product\/yoast-seo-wordpress\/ -->\n<title>HORK\u00c1 M\u00cdSTA - Petr Jan\u010d\u00e1rek<\/title>\n<meta name=\"robots\" content=\"noindex, follow, max-snippet:-1, max-image-preview:large, max-video-preview:-1\" \/>\n<meta property=\"og:locale\" content=\"cs_CZ\" \/>\n<meta property=\"og:type\" content=\"article\" \/>\n<meta property=\"og:title\" content=\"HORK\u00c1 M\u00cdSTA - Petr Jan\u010d\u00e1rek\" \/>\n<meta property=\"og:description\" content=\"Pr\u00e1ce n\u011bkdy zavede dokumentaristy, novin\u00e1\u0159e a fotografy do nep\u0159\u00edli\u0161 bezpe\u010dn\u00fdch m\u00edst. Prvn\u00edv\u00e1le\u010dn\u00fd konflikt, v&nbsp;n\u011bm\u017e jsem pracoval, byla v\u00e1lka na Balk\u00e1n\u011b, to\u010dili jsme tehdy misi, p\u0159i n\u00ed\u017e\u010clov\u011bk v&nbsp;t\u00edsni po vlastn\u00ed ose dopravoval do posti\u017een\u00fdch m\u00edst pou\u017eit\u00e9 sanitn\u00ed vozy, v\u011bnovan\u00e9m\u011bstem Prahou. N\u00e1sledoval sn\u00edmek o prvn\u00ed \u010desk\u00e9 zahrani\u010dn\u00ed jednotce \u010cesk\u00e9 arm\u00e1dy, kter\u00e1p\u016fsobila v&nbsp;r\u00e1mci mise UNPROFOR v&nbsp;oblasti Plitvick\u00fdch jezer, [&hellip;]\" \/>\n<meta property=\"og:url\" content=\"https:\/\/jancarek.drevomaja.cz\/?page_id=9\" \/>\n<meta property=\"og:site_name\" content=\"Petr Jan\u010d\u00e1rek\" \/>\n<meta property=\"article:modified_time\" content=\"2026-03-30T10:54:02+00:00\" \/>\n<meta property=\"og:image\" content=\"https:\/\/jancarek.drevomaja.cz\/wp-content\/uploads\/2026\/03\/Horka_mista_1x1.jpg\" \/>\n\t<meta property=\"og:image:width\" content=\"819\" \/>\n\t<meta property=\"og:image:height\" content=\"819\" \/>\n\t<meta property=\"og:image:type\" content=\"image\/jpeg\" \/>\n<meta name=\"twitter:card\" content=\"summary_large_image\" \/>\n<meta name=\"twitter:label1\" content=\"Odhadovan\u00e1 doba \u010dten\u00ed\" \/>\n\t<meta name=\"twitter:data1\" content=\"1 minuta\" \/>\n<script type=\"application\/ld+json\" class=\"yoast-schema-graph\">{\"@context\":\"https:\/\/schema.org\",\"@graph\":[{\"@type\":\"WebPage\",\"@id\":\"https:\/\/jancarek.drevomaja.cz\/?page_id=9\",\"url\":\"https:\/\/jancarek.drevomaja.cz\/?page_id=9\",\"name\":\"HORK\u00c1 M\u00cdSTA - Petr Jan\u010d\u00e1rek\",\"isPartOf\":{\"@id\":\"https:\/\/jancarek.drevomaja.cz\/#website\"},\"primaryImageOfPage\":{\"@id\":\"https:\/\/jancarek.drevomaja.cz\/?page_id=9#primaryimage\"},\"image\":{\"@id\":\"https:\/\/jancarek.drevomaja.cz\/?page_id=9#primaryimage\"},\"thumbnailUrl\":\"https:\/\/jancarek.drevomaja.cz\/wp-content\/uploads\/2026\/02\/Horka_mista-scaled.jpg\",\"datePublished\":\"2026-02-02T18:52:39+00:00\",\"dateModified\":\"2026-03-30T10:54:02+00:00\",\"breadcrumb\":{\"@id\":\"https:\/\/jancarek.drevomaja.cz\/?page_id=9#breadcrumb\"},\"inLanguage\":\"cs\",\"potentialAction\":[{\"@type\":\"ReadAction\",\"target\":[\"https:\/\/jancarek.drevomaja.cz\/?page_id=9\"]}]},{\"@type\":\"ImageObject\",\"inLanguage\":\"cs\",\"@id\":\"https:\/\/jancarek.drevomaja.cz\/?page_id=9#primaryimage\",\"url\":\"https:\/\/jancarek.drevomaja.cz\/wp-content\/uploads\/2026\/02\/Horka_mista-scaled.jpg\",\"contentUrl\":\"https:\/\/jancarek.drevomaja.cz\/wp-content\/uploads\/2026\/02\/Horka_mista-scaled.jpg\",\"width\":2560,\"height\":648,\"caption\":\"Horka Mista Scaled\"},{\"@type\":\"BreadcrumbList\",\"@id\":\"https:\/\/jancarek.drevomaja.cz\/?page_id=9#breadcrumb\",\"itemListElement\":[{\"@type\":\"ListItem\",\"position\":1,\"name\":\"Dom\u016f\",\"item\":\"https:\/\/jancarek.drevomaja.cz\/\"},{\"@type\":\"ListItem\",\"position\":2,\"name\":\"FILMY\",\"item\":\"https:\/\/jancarek.drevomaja.cz\/?page_id=64\"},{\"@type\":\"ListItem\",\"position\":3,\"name\":\"HORK\u00c1 M\u00cdSTA\"}]},{\"@type\":\"WebSite\",\"@id\":\"https:\/\/jancarek.drevomaja.cz\/#website\",\"url\":\"https:\/\/jancarek.drevomaja.cz\/\",\"name\":\"Petr Jan\u010d\u00e1rek\",\"description\":\"\",\"potentialAction\":[{\"@type\":\"SearchAction\",\"target\":{\"@type\":\"EntryPoint\",\"urlTemplate\":\"https:\/\/jancarek.drevomaja.cz\/?s={search_term_string}\"},\"query-input\":{\"@type\":\"PropertyValueSpecification\",\"valueRequired\":true,\"valueName\":\"search_term_string\"}}],\"inLanguage\":\"cs\"}]}<\/script>\n<!-- \/ Yoast SEO plugin. -->","yoast_head_json":{"title":"HORK\u00c1 M\u00cdSTA - Petr Jan\u010d\u00e1rek","robots":{"index":"noindex","follow":"follow","max-snippet":"max-snippet:-1","max-image-preview":"max-image-preview:large","max-video-preview":"max-video-preview:-1"},"og_locale":"cs_CZ","og_type":"article","og_title":"HORK\u00c1 M\u00cdSTA - Petr Jan\u010d\u00e1rek","og_description":"Pr\u00e1ce n\u011bkdy zavede dokumentaristy, novin\u00e1\u0159e a fotografy do nep\u0159\u00edli\u0161 bezpe\u010dn\u00fdch m\u00edst. Prvn\u00edv\u00e1le\u010dn\u00fd konflikt, v&nbsp;n\u011bm\u017e jsem pracoval, byla v\u00e1lka na Balk\u00e1n\u011b, to\u010dili jsme tehdy misi, p\u0159i n\u00ed\u017e\u010clov\u011bk v&nbsp;t\u00edsni po vlastn\u00ed ose dopravoval do posti\u017een\u00fdch m\u00edst pou\u017eit\u00e9 sanitn\u00ed vozy, v\u011bnovan\u00e9m\u011bstem Prahou. N\u00e1sledoval sn\u00edmek o prvn\u00ed \u010desk\u00e9 zahrani\u010dn\u00ed jednotce \u010cesk\u00e9 arm\u00e1dy, kter\u00e1p\u016fsobila v&nbsp;r\u00e1mci mise UNPROFOR v&nbsp;oblasti Plitvick\u00fdch jezer, [&hellip;]","og_url":"https:\/\/jancarek.drevomaja.cz\/?page_id=9","og_site_name":"Petr Jan\u010d\u00e1rek","article_modified_time":"2026-03-30T10:54:02+00:00","og_image":[{"width":819,"height":819,"url":"https:\/\/jancarek.drevomaja.cz\/wp-content\/uploads\/2026\/03\/Horka_mista_1x1.jpg","type":"image\/jpeg"}],"twitter_card":"summary_large_image","twitter_misc":{"Odhadovan\u00e1 doba \u010dten\u00ed":"1 minuta"},"schema":{"@context":"https:\/\/schema.org","@graph":[{"@type":"WebPage","@id":"https:\/\/jancarek.drevomaja.cz\/?page_id=9","url":"https:\/\/jancarek.drevomaja.cz\/?page_id=9","name":"HORK\u00c1 M\u00cdSTA - Petr Jan\u010d\u00e1rek","isPartOf":{"@id":"https:\/\/jancarek.drevomaja.cz\/#website"},"primaryImageOfPage":{"@id":"https:\/\/jancarek.drevomaja.cz\/?page_id=9#primaryimage"},"image":{"@id":"https:\/\/jancarek.drevomaja.cz\/?page_id=9#primaryimage"},"thumbnailUrl":"https:\/\/jancarek.drevomaja.cz\/wp-content\/uploads\/2026\/02\/Horka_mista-scaled.jpg","datePublished":"2026-02-02T18:52:39+00:00","dateModified":"2026-03-30T10:54:02+00:00","breadcrumb":{"@id":"https:\/\/jancarek.drevomaja.cz\/?page_id=9#breadcrumb"},"inLanguage":"cs","potentialAction":[{"@type":"ReadAction","target":["https:\/\/jancarek.drevomaja.cz\/?page_id=9"]}]},{"@type":"ImageObject","inLanguage":"cs","@id":"https:\/\/jancarek.drevomaja.cz\/?page_id=9#primaryimage","url":"https:\/\/jancarek.drevomaja.cz\/wp-content\/uploads\/2026\/02\/Horka_mista-scaled.jpg","contentUrl":"https:\/\/jancarek.drevomaja.cz\/wp-content\/uploads\/2026\/02\/Horka_mista-scaled.jpg","width":2560,"height":648,"caption":"Horka Mista Scaled"},{"@type":"BreadcrumbList","@id":"https:\/\/jancarek.drevomaja.cz\/?page_id=9#breadcrumb","itemListElement":[{"@type":"ListItem","position":1,"name":"Dom\u016f","item":"https:\/\/jancarek.drevomaja.cz\/"},{"@type":"ListItem","position":2,"name":"FILMY","item":"https:\/\/jancarek.drevomaja.cz\/?page_id=64"},{"@type":"ListItem","position":3,"name":"HORK\u00c1 M\u00cdSTA"}]},{"@type":"WebSite","@id":"https:\/\/jancarek.drevomaja.cz\/#website","url":"https:\/\/jancarek.drevomaja.cz\/","name":"Petr Jan\u010d\u00e1rek","description":"","potentialAction":[{"@type":"SearchAction","target":{"@type":"EntryPoint","urlTemplate":"https:\/\/jancarek.drevomaja.cz\/?s={search_term_string}"},"query-input":{"@type":"PropertyValueSpecification","valueRequired":true,"valueName":"search_term_string"}}],"inLanguage":"cs"}]}},"_links":{"self":[{"href":"https:\/\/jancarek.drevomaja.cz\/index.php?rest_route=\/wp\/v2\/pages\/9","targetHints":{"allow":["GET"]}}],"collection":[{"href":"https:\/\/jancarek.drevomaja.cz\/index.php?rest_route=\/wp\/v2\/pages"}],"about":[{"href":"https:\/\/jancarek.drevomaja.cz\/index.php?rest_route=\/wp\/v2\/types\/page"}],"author":[{"embeddable":true,"href":"https:\/\/jancarek.drevomaja.cz\/index.php?rest_route=\/wp\/v2\/users\/1"}],"replies":[{"embeddable":true,"href":"https:\/\/jancarek.drevomaja.cz\/index.php?rest_route=%2Fwp%2Fv2%2Fcomments&post=9"}],"version-history":[{"count":8,"href":"https:\/\/jancarek.drevomaja.cz\/index.php?rest_route=\/wp\/v2\/pages\/9\/revisions"}],"predecessor-version":[{"id":1443,"href":"https:\/\/jancarek.drevomaja.cz\/index.php?rest_route=\/wp\/v2\/pages\/9\/revisions\/1443"}],"up":[{"embeddable":true,"href":"https:\/\/jancarek.drevomaja.cz\/index.php?rest_route=\/wp\/v2\/pages\/64"}],"wp:featuredmedia":[{"embeddable":true,"href":"https:\/\/jancarek.drevomaja.cz\/index.php?rest_route=\/wp\/v2\/media\/409"}],"wp:attachment":[{"href":"https:\/\/jancarek.drevomaja.cz\/index.php?rest_route=%2Fwp%2Fv2%2Fmedia&parent=9"}],"curies":[{"name":"wp","href":"https:\/\/api.w.org\/{rel}","templated":true}]}}